{"id":901,"date":"2013-12-29T23:01:07","date_gmt":"2013-12-29T23:01:07","guid":{"rendered":"http:\/\/www.kisferenc.edu.rs\/?page_id=901"},"modified":"2018-02-26T19:40:42","modified_gmt":"2018-02-26T19:40:42","slug":"suli-diaklap","status":"publish","type":"page","link":"http:\/\/www.aranyjanos.edu.rs\/sr\/letoltes\/suli-diaklap\/","title":{"rendered":"\u0160kolske novine"},"content":{"rendered":"<h4><div class=\"_3d-flip-book  fb3d-fullscreen-mode full-size\" data-id=\"7640\" data-mode=\"fullscreen\" data-title=\"false\" data-template=\"short-white-book-view\" data-lightbox=\"dark-shadow\" data-urlparam=\"fb3d-page\" data-page-n=\"0\" data-pdf=\"\" data-tax=\"null\" data-thumbnail=\"\" data-cols=\"3\" data-book-template=\"default\"><\/div><script type=\"text\/javascript\">window.FB3D_CLIENT_DATA = window.FB3D_CLIENT_DATA || [];window.FB3D_CLIENT_DATA.push('eyJwb3N0cyI6eyI3NjQwIjp7IklEIjo3NjQwLCJ0aXRsZSI6IlNrb2xza2VOb3ZpbmUyMDE3LnppbWEiLCJ0eXBlIjoicGRmIiwicmVhZHlfZnVuY3Rpb24iOiIiLCJib29rX3N0eWxlIjoidm9sdW1lIiwiYm9va190ZW1wbGF0ZSI6Im5vbmUiLCJvdXRsaW5lIjpbXSwiZGF0YSI6eyJwb3N0X0lEIjoiNzYzOSIsImd1aWQiOiJodHRwOlwvXC93d3cuYXJhbnlqYW5vcy5lZHUucnNcL3NyXC93cC1jb250ZW50XC91cGxvYWRzXC8yMDE4XC8wMlwvc21hbGxfc3VsaXVqc2FnMjAxNy5kZWNfLnBkZiIsInBkZl9wYWdlcyI6IjE2IiwicGFnZXNfY3VzdG9taXphdGlvbiI6Im5vbmUifSwidGh1bWJuYWlsIjp7ImRhdGEiOnsicG9zdF9JRCI6IjAifSwidHlwZSI6ImF1dG8ifSwicHJvcHMiOnsiaGVpZ2h0IjoiYXV0byIsIndpZHRoIjoiYXV0byIsImdyYXZpdHkiOiJhdXRvIiwiY2FjaGVkUGFnZXMiOiJhdXRvIiwicmVuZGVySW5hY3RpdmVQYWdlcyI6ImF1dG8iLCJyZW5kZXJJbmFjdGl2ZVBhZ2VzT25Nb2JpbGUiOiJhdXRvIiwicmVuZGVyV2hpbGVGbGlwcGluZyI6ImF1dG8iLCJwYWdlc0ZvclByZWRpY3RpbmciOiJhdXRvIiwicHJlbG9hZFBhZ2VzIjoiYXV0byIsInJ0bCI6ImF1dG8iLCJzaGVldCI6eyJzdGFydFZlbG9jaXR5IjoiYXV0byIsImNvcm5lckRldmlhdGlvbiI6ImF1dG8iLCJmbGV4aWJpbGl0eSI6ImF1dG8iLCJmbGV4aWJsZUNvcm5lciI6ImF1dG8iLCJiZW5kaW5nIjoiYXV0byIsIndhdmUiOiJhdXRvIiwid2lkdGhUZXhlbHMiOiJhdXRvIiwiaGVpZ2h0VGV4ZWxzIjoiYXV0byIsImNvbG9yIjoiYXV0byJ9LCJjb3ZlciI6eyJzdGFydFZlbG9jaXR5IjoiYXV0byIsImZsZXhpYmlsaXR5IjoiYXV0byIsImZsZXhpYmxlQ29ybmVyIjoiYXV0byIsImJlbmRpbmciOiJhdXRvIiwid2F2ZSI6ImF1dG8iLCJ3aWR0aFRleGVscyI6ImF1dG8iLCJoZWlnaHRUZXhlbHMiOiJhdXRvIiwiY29sb3IiOiJhdXRvIiwiYmluZGVyVGV4dHVyZSI6ImF1dG8iLCJkZXB0aCI6ImF1dG8iLCJwYWRkaW5nIjoiYXV0byIsIm1hc3MiOiJhdXRvIn0sInBhZ2UiOnsic3RhcnRWZWxvY2l0eSI6ImF1dG8iLCJmbGV4aWJpbGl0eSI6ImF1dG8iLCJmbGV4aWJsZUNvcm5lciI6ImF1dG8iLCJiZW5kaW5nIjoiYXV0byIsIndhdmUiOiJhdXRvIiwid2lkdGhUZXhlbHMiOiJhdXRvIiwiaGVpZ2h0VGV4ZWxzIjoiYXV0byIsImNvbG9yIjoiYXV0byIsImRlcHRoIjoiYXV0byIsIm1hc3MiOiJhdXRvIn19LCJjb250cm9sUHJvcHMiOnsiYWN0aW9ucyI6eyJjbWRTYXZlIjp7ImVuYWJsZWQiOiJhdXRvIn0sImNtZFByaW50Ijp7ImVuYWJsZWQiOiJhdXRvIn0sImNtZFNpbmdsZVBhZ2UiOnsiZW5hYmxlZCI6ImF1dG8iLCJhY3RpdmUiOiJhdXRvIn19fSwiYXV0b1RodW1ibmFpbCI6bnVsbCwicG9zdF9uYW1lIjoic2tvbHNrZW5vdmluZTIwMTctemltYSIsInBvc3RfdHlwZSI6IjNkLWZsaXAtYm9vayJ9fSwicGFnZXMiOltdLCJmaXJzdFBhZ2VzIjpbXX0=');window.FB3D_CLIENT_LOCALE && window.FB3D_CLIENT_LOCALE.render();<\/script><\/h4>\n<h4 style=\"text-align: center;\"><span style=\"color: #993300;\">Raniji brojevi<\/span><\/h4>\n<h5 style=\"text-align: center;\"><a href=\"http:\/\/www.aranyjanos.edu.rs\/sr\/wp-content\/uploads\/2018\/02\/small_suliujsag2017.dec_.pdf\" target=\"_blank\" rel=\"noopener\">Broj 49. (zima 2017.)<\/a><\/h5>\n<h5 style=\"text-align: center;\"><a href=\"http:\/\/www.aranyjanos.edu.rs\/wp-content\/uploads\/2018\/01\/small_suliujsag26.pdf\">Broj 48. (leto 2017.)<\/a><\/h5>\n<h5 style=\"text-align: center;\"><span style=\"color: #0000ff;\"><strong><a style=\"color: #0000ff;\" href=\"http:\/\/www.aranyjanos.edu.rs\/wp-content\/uploads\/2017\/04\/small_suliujsag25.pdf\" target=\"_blank\" rel=\"noopener\">Broj 47. (jesen-zima 2016.)<\/a><\/strong><\/span><\/h5>\n<h5 style=\"text-align: center;\"><span style=\"color: #0000ff;\"><strong><a style=\"color: #0000ff;\" href=\"http:\/\/www.aranyjanos.edu.rs\/wp-content\/uploads\/2016\/10\/small_2016nyar.pdf\">Broj 46. (leto 2016.)<\/a><\/strong><\/span><\/h5>\n<h5 style=\"text-align: center;\"><span style=\"color: #0000ff;\"><strong><a style=\"color: #0000ff;\" href=\"http:\/\/www.aranyjanos.edu.rs\/wp-content\/uploads\/2016\/10\/2015tel.pdf\">Broj 45. (jesen-zima 2015.)<\/a><\/strong><\/span><\/h5>\n<h5 style=\"text-align: center;\"><span style=\"color: #0000ff;\"><strong><a style=\"color: #0000ff;\" href=\"http:\/\/www.aranyjanos.edu.rs\/wp-content\/uploads\/2015\/12\/suliujsag21.pdf\" target=\"_blank\" rel=\"noopener\">Broj 43. (jesen-zima 2014.)<\/a><\/strong><\/span><\/h5>\n<h5 style=\"text-align: center;\"><span style=\"color: #0000ff;\"><strong><a style=\"color: #0000ff;\" href=\"http:\/\/www.aranyjanos.edu.rs\/wp-content\/uploads\/2015\/12\/small_suliujsag20.pdf\" target=\"_blank\" rel=\"noopener\">Broj 42. (leto 2014.)<\/a><\/strong><\/span><\/h5>\n<h5 style=\"text-align: center;\"><span style=\"color: #0000ff;\"><strong><a title=\"41. sz\u00e1m (2013. \u0151sz - t\u00e9l)\" href=\"http:\/\/www.aranyjanos.edu.rs\/wp-content\/uploads\/2014\/02\/suliujsag41.pdf\"><span style=\"color: #0000ff;\">Broj 41. (jesen &#8211; zima 2013.)<\/span><\/a><\/strong><\/span><\/h5>\n<h5 style=\"text-align: center;\"><a href=\"http:\/\/www.aranyjanos.edu.rs\/wp-content\/uploads\/2013\/12\/suliujsag40.pdf\" target=\"_blank\" rel=\"noopener\"><span style=\"color: #0000ff;\"><strong>Broj 40. (leto 2013.)<\/strong><\/span><\/a><\/h5>\n<h5 style=\"text-align: center;\"><a href=\"http:\/\/www.aranyjanos.edu.rs\/wp-content\/uploads\/2013\/12\/suliujsag36.pdf\" target=\"_blank\" rel=\"noopener\"><span style=\"color: #0000ff;\"><strong>Broj 36. (jesen 2011.)<\/strong><\/span><\/a><\/h5>\n<h5 style=\"text-align: center;\"><a href=\"http:\/\/www.aranyjanos.edu.rs\/wp-content\/uploads\/2013\/12\/suliujsag34.pdf\" target=\"_blank\" rel=\"noopener\"><span style=\"color: #0000ff;\"><strong>Broj 34. (prole\u0107e 2011.)&nbsp;<\/strong><\/span><\/a><\/h5>\n<h5 style=\"text-align: center;\"><a href=\"http:\/\/www.aranyjanos.edu.rs\/wp-content\/uploads\/2013\/12\/suliujsag33.pdf\" target=\"_blank\" rel=\"noopener\"><span style=\"color: #0000ff;\"><strong>Broj 33. (jesen &#8211; zima 2010.)<\/strong><\/span><\/a><\/h5>\n<h5 style=\"text-align: center;\"><a href=\"http:\/\/www.aranyjanos.edu.rs\/wp-content\/uploads\/2013\/12\/suliujsag32.pdf\" target=\"_blank\" rel=\"noopener\"><span style=\"color: #0000ff;\"><strong>Broj 32. (mart-april 2010.)<\/strong><\/span><\/a><\/h5>\n<h5 style=\"text-align: center;\"><a href=\"http:\/\/www.aranyjanos.edu.rs\/wp-content\/uploads\/2013\/12\/suliujsag31.pdf\" target=\"_blank\" rel=\"noopener\"><span style=\"color: #0000ff;\"><strong>Broj 31. (januar &#8211; februar 2010.)<\/strong><\/span><\/a><\/h5>\n","protected":false},"excerpt":{"rendered":"<p>Raniji brojevi Broj 49. (zima 2017.) Broj 48. (leto 2017.) Broj 47. (jesen-zima 2016.) Broj 46. (leto 2016.) Broj 45. (jesen-zima 2015.) Broj 43. (jesen-zima 2014.) Broj 42. (leto 2014.) Broj 41. (jesen &#8211; zima 2013.) Broj 40. (leto 2013.) Broj 36. (jesen 2011.) Broj 34. (prole\u0107e 2011.)&nbsp; Broj 33. (jesen &#8211; zima 2010.) Broj &hellip; <\/p>\n<p><a class=\"more-link btn\" href=\"http:\/\/www.aranyjanos.edu.rs\/sr\/letoltes\/suli-diaklap\/\">Nastaviti \u010ditanje<\/a><\/p>\n","protected":false},"author":1,"featured_media":0,"parent":3055,"menu_order":720,"comment_status":"open","ping_status":"closed","template":"","meta":{"ngg_post_thumbnail":0,"footnotes":"","_links_to":"","_links_to_target":""},"class_list":["post-901","page","type-page","status-publish","hentry","nodate","item-wrap"],"_links":{"self":[{"href":"http:\/\/www.aranyjanos.edu.rs\/sr\/wp-json\/wp\/v2\/pages\/901","targetHints":{"allow":["GET"]}}],"collection":[{"href":"http:\/\/www.aranyjanos.edu.rs\/sr\/wp-json\/wp\/v2\/pages"}],"about":[{"href":"http:\/\/www.aranyjanos.edu.rs\/sr\/wp-json\/wp\/v2\/types\/page"}],"author":[{"embeddable":true,"href":"http:\/\/www.aranyjanos.edu.rs\/sr\/wp-json\/wp\/v2\/users\/1"}],"replies":[{"embeddable":true,"href":"http:\/\/www.aranyjanos.edu.rs\/sr\/wp-json\/wp\/v2\/comments?post=901"}],"version-history":[{"count":16,"href":"http:\/\/www.aranyjanos.edu.rs\/sr\/wp-json\/wp\/v2\/pages\/901\/revisions"}],"predecessor-version":[{"id":7641,"href":"http:\/\/www.aranyjanos.edu.rs\/sr\/wp-json\/wp\/v2\/pages\/901\/revisions\/7641"}],"up":[{"embeddable":true,"href":"http:\/\/www.aranyjanos.edu.rs\/sr\/wp-json\/wp\/v2\/pages\/3055"}],"wp:attachment":[{"href":"http:\/\/www.aranyjanos.edu.rs\/sr\/wp-json\/wp\/v2\/media?parent=901"}],"curies":[{"name":"wp","href":"https:\/\/api.w.org\/{rel}","templated":true}]}}