{"id":7418,"date":"2017-11-03T19:40:51","date_gmt":"2017-11-03T19:40:51","guid":{"rendered":"http:\/\/www.aranyjanos.edu.rs\/sr\/?page_id=7418"},"modified":"2025-09-08T10:17:19","modified_gmt":"2025-09-08T09:17:19","slug":"totovo-selo-5-r","status":"publish","type":"page","link":"http:\/\/www.aranyjanos.edu.rs\/sr\/tanulok-2\/tothfalu\/totovo-selo-5-r\/","title":{"rendered":"Totovo Selo 6.razred"},"content":{"rendered":"<ol>\n<li><b>Farago Zetenj<\/b><\/li>\n<li><strong>Habi Leila<\/strong><\/li>\n<li><strong>Lerinc Natalia<\/strong><\/li>\n<li>\n<h5><strong>Ma\u010dai Adam<\/strong><\/h5>\n<\/li>\n<li><strong>Mesaro\u0161 David<\/strong><\/li>\n<li><strong>\u0160andor Tama\u0161<\/strong><\/li>\n<\/ol>\n\n\n<p><\/p>\n","protected":false},"excerpt":{"rendered":"<p>Farago Zetenj Habi Leila Lerinc Natalia Ma\u010dai Adam Mesaro\u0161 David \u0160andor Tama\u0161<\/p>\n","protected":false},"author":1,"featured_media":0,"parent":49,"menu_order":345,"comment_status":"closed","ping_status":"closed","template":"","meta":{"ngg_post_thumbnail":0,"footnotes":"","_links_to":"","_links_to_target":""},"class_list":["post-7418","page","type-page","status-publish","hentry","nodate","item-wrap"],"_links":{"self":[{"href":"http:\/\/www.aranyjanos.edu.rs\/sr\/wp-json\/wp\/v2\/pages\/7418","targetHints":{"allow":["GET"]}}],"collection":[{"href":"http:\/\/www.aranyjanos.edu.rs\/sr\/wp-json\/wp\/v2\/pages"}],"about":[{"href":"http:\/\/www.aranyjanos.edu.rs\/sr\/wp-json\/wp\/v2\/types\/page"}],"author":[{"embeddable":true,"href":"http:\/\/www.aranyjanos.edu.rs\/sr\/wp-json\/wp\/v2\/users\/1"}],"replies":[{"embeddable":true,"href":"http:\/\/www.aranyjanos.edu.rs\/sr\/wp-json\/wp\/v2\/comments?post=7418"}],"version-history":[{"count":4,"href":"http:\/\/www.aranyjanos.edu.rs\/sr\/wp-json\/wp\/v2\/pages\/7418\/revisions"}],"predecessor-version":[{"id":8148,"href":"http:\/\/www.aranyjanos.edu.rs\/sr\/wp-json\/wp\/v2\/pages\/7418\/revisions\/8148"}],"up":[{"embeddable":true,"href":"http:\/\/www.aranyjanos.edu.rs\/sr\/wp-json\/wp\/v2\/pages\/49"}],"wp:attachment":[{"href":"http:\/\/www.aranyjanos.edu.rs\/sr\/wp-json\/wp\/v2\/media?parent=7418"}],"curies":[{"name":"wp","href":"https:\/\/api.w.org\/{rel}","templated":true}]}}