{"id":7417,"date":"2017-11-03T19:40:53","date_gmt":"2017-11-03T19:40:53","guid":{"rendered":"http:\/\/www.aranyjanos.edu.rs\/sr\/?page_id=7417"},"modified":"2025-09-08T10:18:09","modified_gmt":"2025-09-08T09:18:09","slug":"totovo-selo-4-r","status":"publish","type":"page","link":"http:\/\/www.aranyjanos.edu.rs\/sr\/tanulok-2\/tothfalu\/totovo-selo-4-r\/","title":{"rendered":"Totovo Selo 5.razred"},"content":{"rendered":"<ol>\n<li><strong>Bata Egon<\/strong><\/li>\n<li><strong>Kra\u010dun Jazmin<\/strong><\/li>\n<li><strong>Kra\u010dun Tihamer<\/strong><\/li>\n<li><strong>Tot I\u0161tvan<\/strong><\/li>\n<\/ol>\n","protected":false},"excerpt":{"rendered":"<p>Bata Egon Kra\u010dun Jazmin Kra\u010dun Tihamer Tot I\u0161tvan<\/p>\n","protected":false},"author":1,"featured_media":0,"parent":49,"menu_order":344,"comment_status":"closed","ping_status":"closed","template":"","meta":{"ngg_post_thumbnail":0,"footnotes":"","_links_to":"","_links_to_target":""},"class_list":["post-7417","page","type-page","status-publish","hentry","nodate","item-wrap"],"_links":{"self":[{"href":"http:\/\/www.aranyjanos.edu.rs\/sr\/wp-json\/wp\/v2\/pages\/7417","targetHints":{"allow":["GET"]}}],"collection":[{"href":"http:\/\/www.aranyjanos.edu.rs\/sr\/wp-json\/wp\/v2\/pages"}],"about":[{"href":"http:\/\/www.aranyjanos.edu.rs\/sr\/wp-json\/wp\/v2\/types\/page"}],"author":[{"embeddable":true,"href":"http:\/\/www.aranyjanos.edu.rs\/sr\/wp-json\/wp\/v2\/users\/1"}],"replies":[{"embeddable":true,"href":"http:\/\/www.aranyjanos.edu.rs\/sr\/wp-json\/wp\/v2\/comments?post=7417"}],"version-history":[{"count":4,"href":"http:\/\/www.aranyjanos.edu.rs\/sr\/wp-json\/wp\/v2\/pages\/7417\/revisions"}],"predecessor-version":[{"id":8149,"href":"http:\/\/www.aranyjanos.edu.rs\/sr\/wp-json\/wp\/v2\/pages\/7417\/revisions\/8149"}],"up":[{"embeddable":true,"href":"http:\/\/www.aranyjanos.edu.rs\/sr\/wp-json\/wp\/v2\/pages\/49"}],"wp:attachment":[{"href":"http:\/\/www.aranyjanos.edu.rs\/sr\/wp-json\/wp\/v2\/media?parent=7417"}],"curies":[{"name":"wp","href":"https:\/\/api.w.org\/{rel}","templated":true}]}}