{"id":7416,"date":"2017-11-03T19:40:56","date_gmt":"2017-11-03T19:40:56","guid":{"rendered":"http:\/\/www.aranyjanos.edu.rs\/sr\/?page_id=7416"},"modified":"2025-09-08T10:18:43","modified_gmt":"2025-09-08T09:18:43","slug":"totovo-selo-3-r","status":"publish","type":"page","link":"http:\/\/www.aranyjanos.edu.rs\/sr\/tanulok-2\/tothfalu\/totovo-selo-3-r\/","title":{"rendered":"Totovo Selo 4.razred"},"content":{"rendered":"<ol>\n<li><strong>Berec \u010congor<\/strong><\/li>\n<li><strong>Cako Kri\u0161tof<\/strong><\/li>\n<li><strong>Feje\u0161 Maja<\/strong><\/li>\n<li><strong>Han\u0111a Lia<\/strong><\/li>\n<li><strong>Na\u0111 Katarina<\/strong><\/li>\n<li><strong>Rekecki Geza<\/strong><\/li>\n<li><strong>Tot Biborka<\/strong><\/li>\n<\/ol>\n","protected":false},"excerpt":{"rendered":"<p>Berec \u010congor Cako Kri\u0161tof Feje\u0161 Maja Han\u0111a Lia Na\u0111 Katarina Rekecki Geza Tot Biborka<\/p>\n","protected":false},"author":1,"featured_media":0,"parent":49,"menu_order":343,"comment_status":"closed","ping_status":"closed","template":"","meta":{"ngg_post_thumbnail":0,"footnotes":"","_links_to":"","_links_to_target":""},"class_list":["post-7416","page","type-page","status-publish","hentry","nodate","item-wrap"],"_links":{"self":[{"href":"http:\/\/www.aranyjanos.edu.rs\/sr\/wp-json\/wp\/v2\/pages\/7416","targetHints":{"allow":["GET"]}}],"collection":[{"href":"http:\/\/www.aranyjanos.edu.rs\/sr\/wp-json\/wp\/v2\/pages"}],"about":[{"href":"http:\/\/www.aranyjanos.edu.rs\/sr\/wp-json\/wp\/v2\/types\/page"}],"author":[{"embeddable":true,"href":"http:\/\/www.aranyjanos.edu.rs\/sr\/wp-json\/wp\/v2\/users\/1"}],"replies":[{"embeddable":true,"href":"http:\/\/www.aranyjanos.edu.rs\/sr\/wp-json\/wp\/v2\/comments?post=7416"}],"version-history":[{"count":4,"href":"http:\/\/www.aranyjanos.edu.rs\/sr\/wp-json\/wp\/v2\/pages\/7416\/revisions"}],"predecessor-version":[{"id":8150,"href":"http:\/\/www.aranyjanos.edu.rs\/sr\/wp-json\/wp\/v2\/pages\/7416\/revisions\/8150"}],"up":[{"embeddable":true,"href":"http:\/\/www.aranyjanos.edu.rs\/sr\/wp-json\/wp\/v2\/pages\/49"}],"wp:attachment":[{"href":"http:\/\/www.aranyjanos.edu.rs\/sr\/wp-json\/wp\/v2\/media?parent=7416"}],"curies":[{"name":"wp","href":"https:\/\/api.w.org\/{rel}","templated":true}]}}