{"id":7414,"date":"2017-11-03T19:41:02","date_gmt":"2017-11-03T19:41:02","guid":{"rendered":"http:\/\/www.aranyjanos.edu.rs\/sr\/?page_id=7414"},"modified":"2025-09-08T10:32:57","modified_gmt":"2025-09-08T09:32:57","slug":"totovo-selo-1-r","status":"publish","type":"page","link":"http:\/\/www.aranyjanos.edu.rs\/sr\/tanulok-2\/tothfalu\/totovo-selo-1-r\/","title":{"rendered":"Totovo Selo 1.razred"},"content":{"rendered":"<ol>\n<li>Apro Ako\u0161<\/li>\n<li>Barta Benet<\/li>\n<li>Erdeg Aliz<\/li>\n<li>Lo\u0161onc Aleksandra<\/li>\n<li>Mago\u0161i Felix<\/li>\n<li>Rekecki Ma\u0107a\u0161<\/li>\n<li>Feje\u0161 Damjan<\/li>\n<li>Feje\u0161 Nikola<\/li>\n<\/ol>\n","protected":false},"excerpt":{"rendered":"<p>Apro Ako\u0161 Barta Benet Erdeg Aliz Lo\u0161onc Aleksandra Mago\u0161i Felix Rekecki Ma\u0107a\u0161 Feje\u0161 Damjan Feje\u0161 Nikola<\/p>\n","protected":false},"author":1,"featured_media":0,"parent":49,"menu_order":341,"comment_status":"closed","ping_status":"closed","template":"","meta":{"ngg_post_thumbnail":0,"footnotes":"","_links_to":"","_links_to_target":""},"class_list":["post-7414","page","type-page","status-publish","hentry","nodate","item-wrap"],"_links":{"self":[{"href":"http:\/\/www.aranyjanos.edu.rs\/sr\/wp-json\/wp\/v2\/pages\/7414","targetHints":{"allow":["GET"]}}],"collection":[{"href":"http:\/\/www.aranyjanos.edu.rs\/sr\/wp-json\/wp\/v2\/pages"}],"about":[{"href":"http:\/\/www.aranyjanos.edu.rs\/sr\/wp-json\/wp\/v2\/types\/page"}],"author":[{"embeddable":true,"href":"http:\/\/www.aranyjanos.edu.rs\/sr\/wp-json\/wp\/v2\/users\/1"}],"replies":[{"embeddable":true,"href":"http:\/\/www.aranyjanos.edu.rs\/sr\/wp-json\/wp\/v2\/comments?post=7414"}],"version-history":[{"count":6,"href":"http:\/\/www.aranyjanos.edu.rs\/sr\/wp-json\/wp\/v2\/pages\/7414\/revisions"}],"predecessor-version":[{"id":8157,"href":"http:\/\/www.aranyjanos.edu.rs\/sr\/wp-json\/wp\/v2\/pages\/7414\/revisions\/8157"}],"up":[{"embeddable":true,"href":"http:\/\/www.aranyjanos.edu.rs\/sr\/wp-json\/wp\/v2\/pages\/49"}],"wp:attachment":[{"href":"http:\/\/www.aranyjanos.edu.rs\/sr\/wp-json\/wp\/v2\/media?parent=7414"}],"curies":[{"name":"wp","href":"https:\/\/api.w.org\/{rel}","templated":true}]}}