{"id":7403,"date":"2017-11-03T19:37:39","date_gmt":"2017-11-03T19:37:39","guid":{"rendered":"http:\/\/www.aranyjanos.edu.rs\/sr\/?page_id=7403"},"modified":"2025-09-08T10:09:26","modified_gmt":"2025-09-08T09:09:26","slug":"orom-6-r","status":"publish","type":"page","link":"http:\/\/www.aranyjanos.edu.rs\/sr\/tanulok-2\/orom\/orom-6-r\/","title":{"rendered":"Orom 7.razred"},"content":{"rendered":"<ol>\n<li>Bi\u010dkei Balint<\/li>\n<li>Cifra Martin<\/li>\n<li>Domonko\u0161 Patrik<\/li>\n<li>Juhas Noemi<\/li>\n<li>Kavai Kiara<\/li>\n<li>Kermeci Erik<\/li>\n<li>Mago\u0161i Iris<\/li>\n<li>Po\u0161a David<\/li>\n<li>Revid Sabol\u010d<\/li>\n<li>Tari \u017dolt<\/li>\n<li>Vajda Tama\u0161<\/li>\n<\/ol>\n","protected":false},"excerpt":{"rendered":"<p>Bi\u010dkei Balint Cifra Martin Domonko\u0161 Patrik Juhas Noemi Kavai Kiara Kermeci Erik Mago\u0161i Iris Po\u0161a David Revid Sabol\u010d Tari \u017dolt Vajda Tama\u0161<\/p>\n","protected":false},"author":1,"featured_media":0,"parent":47,"menu_order":336,"comment_status":"closed","ping_status":"closed","template":"","meta":{"ngg_post_thumbnail":0,"footnotes":"","_links_to":"","_links_to_target":""},"class_list":["post-7403","page","type-page","status-publish","hentry","nodate","item-wrap"],"_links":{"self":[{"href":"http:\/\/www.aranyjanos.edu.rs\/sr\/wp-json\/wp\/v2\/pages\/7403","targetHints":{"allow":["GET"]}}],"collection":[{"href":"http:\/\/www.aranyjanos.edu.rs\/sr\/wp-json\/wp\/v2\/pages"}],"about":[{"href":"http:\/\/www.aranyjanos.edu.rs\/sr\/wp-json\/wp\/v2\/types\/page"}],"author":[{"embeddable":true,"href":"http:\/\/www.aranyjanos.edu.rs\/sr\/wp-json\/wp\/v2\/users\/1"}],"replies":[{"embeddable":true,"href":"http:\/\/www.aranyjanos.edu.rs\/sr\/wp-json\/wp\/v2\/comments?post=7403"}],"version-history":[{"count":4,"href":"http:\/\/www.aranyjanos.edu.rs\/sr\/wp-json\/wp\/v2\/pages\/7403\/revisions"}],"predecessor-version":[{"id":8138,"href":"http:\/\/www.aranyjanos.edu.rs\/sr\/wp-json\/wp\/v2\/pages\/7403\/revisions\/8138"}],"up":[{"embeddable":true,"href":"http:\/\/www.aranyjanos.edu.rs\/sr\/wp-json\/wp\/v2\/pages\/47"}],"wp:attachment":[{"href":"http:\/\/www.aranyjanos.edu.rs\/sr\/wp-json\/wp\/v2\/media?parent=7403"}],"curies":[{"name":"wp","href":"https:\/\/api.w.org\/{rel}","templated":true}]}}