{"id":7402,"date":"2017-11-03T19:37:43","date_gmt":"2017-11-03T19:37:43","guid":{"rendered":"http:\/\/www.aranyjanos.edu.rs\/sr\/?page_id=7402"},"modified":"2025-09-08T10:09:52","modified_gmt":"2025-09-08T09:09:52","slug":"orom-5-r","status":"publish","type":"page","link":"http:\/\/www.aranyjanos.edu.rs\/sr\/tanulok-2\/orom\/orom-5-r\/","title":{"rendered":"Orom 6.razred"},"content":{"rendered":"<ol>\n<li><strong>Ezve\u0111 Balint<\/strong><\/li>\n<li><strong>Fa\u0107ol Zalan<\/strong><\/li>\n<li><strong>Po\u0161a Daniel<\/strong><\/li>\n<li><strong>Po\u0161a Eme\u0161e<\/strong><\/li>\n<li><strong>Tertelji Balint<\/strong><\/li>\n<li><strong>Turu Zoe<\/strong><\/li>\n<li><strong>Vajda Adrian<\/strong><\/li>\n<\/ol>\n","protected":false},"excerpt":{"rendered":"<p>Ezve\u0111 Balint Fa\u0107ol Zalan Po\u0161a Daniel Po\u0161a Eme\u0161e Tertelji Balint Turu Zoe Vajda Adrian<\/p>\n","protected":false},"author":1,"featured_media":0,"parent":47,"menu_order":335,"comment_status":"closed","ping_status":"closed","template":"","meta":{"ngg_post_thumbnail":0,"footnotes":"","_links_to":"","_links_to_target":""},"class_list":["post-7402","page","type-page","status-publish","hentry","nodate","item-wrap"],"_links":{"self":[{"href":"http:\/\/www.aranyjanos.edu.rs\/sr\/wp-json\/wp\/v2\/pages\/7402","targetHints":{"allow":["GET"]}}],"collection":[{"href":"http:\/\/www.aranyjanos.edu.rs\/sr\/wp-json\/wp\/v2\/pages"}],"about":[{"href":"http:\/\/www.aranyjanos.edu.rs\/sr\/wp-json\/wp\/v2\/types\/page"}],"author":[{"embeddable":true,"href":"http:\/\/www.aranyjanos.edu.rs\/sr\/wp-json\/wp\/v2\/users\/1"}],"replies":[{"embeddable":true,"href":"http:\/\/www.aranyjanos.edu.rs\/sr\/wp-json\/wp\/v2\/comments?post=7402"}],"version-history":[{"count":4,"href":"http:\/\/www.aranyjanos.edu.rs\/sr\/wp-json\/wp\/v2\/pages\/7402\/revisions"}],"predecessor-version":[{"id":8139,"href":"http:\/\/www.aranyjanos.edu.rs\/sr\/wp-json\/wp\/v2\/pages\/7402\/revisions\/8139"}],"up":[{"embeddable":true,"href":"http:\/\/www.aranyjanos.edu.rs\/sr\/wp-json\/wp\/v2\/pages\/47"}],"wp:attachment":[{"href":"http:\/\/www.aranyjanos.edu.rs\/sr\/wp-json\/wp\/v2\/media?parent=7402"}],"curies":[{"name":"wp","href":"https:\/\/api.w.org\/{rel}","templated":true}]}}