{"id":7401,"date":"2017-11-03T19:37:47","date_gmt":"2017-11-03T19:37:47","guid":{"rendered":"http:\/\/www.aranyjanos.edu.rs\/sr\/?page_id=7401"},"modified":"2025-09-08T10:10:15","modified_gmt":"2025-09-08T09:10:15","slug":"orom-4-r","status":"publish","type":"page","link":"http:\/\/www.aranyjanos.edu.rs\/sr\/tanulok-2\/orom\/orom-4-r\/","title":{"rendered":"Orom 5.razred"},"content":{"rendered":"<ol>\n<li><strong>Dukai Lejla<\/strong><\/li>\n<li><strong>Domonko\u0161 Patricia<\/strong><\/li>\n<li><strong>Husak Ema<\/strong><\/li>\n<li><strong>Kova\u010d Laslo<\/strong><\/li>\n<li><strong>Kova\u010di\u0107 Sofija<\/strong><\/li>\n<li><strong>Neme\u0161 Egon<\/strong><\/li>\n<li><strong>Posa Bala\u017e<\/strong><\/li>\n<li><strong>Terzin Marina<\/strong><\/li>\n<li><strong>Vajdovi\u010d Gerge<\/strong><\/li>\n<\/ol>\n","protected":false},"excerpt":{"rendered":"<p>Dukai Lejla Domonko\u0161 Patricia Husak Ema Kova\u010d Laslo Kova\u010di\u0107 Sofija Neme\u0161 Egon Posa Bala\u017e Terzin Marina Vajdovi\u010d Gerge<\/p>\n","protected":false},"author":1,"featured_media":0,"parent":47,"menu_order":334,"comment_status":"closed","ping_status":"closed","template":"","meta":{"ngg_post_thumbnail":0,"footnotes":"","_links_to":"","_links_to_target":""},"class_list":["post-7401","page","type-page","status-publish","hentry","nodate","item-wrap"],"_links":{"self":[{"href":"http:\/\/www.aranyjanos.edu.rs\/sr\/wp-json\/wp\/v2\/pages\/7401","targetHints":{"allow":["GET"]}}],"collection":[{"href":"http:\/\/www.aranyjanos.edu.rs\/sr\/wp-json\/wp\/v2\/pages"}],"about":[{"href":"http:\/\/www.aranyjanos.edu.rs\/sr\/wp-json\/wp\/v2\/types\/page"}],"author":[{"embeddable":true,"href":"http:\/\/www.aranyjanos.edu.rs\/sr\/wp-json\/wp\/v2\/users\/1"}],"replies":[{"embeddable":true,"href":"http:\/\/www.aranyjanos.edu.rs\/sr\/wp-json\/wp\/v2\/comments?post=7401"}],"version-history":[{"count":4,"href":"http:\/\/www.aranyjanos.edu.rs\/sr\/wp-json\/wp\/v2\/pages\/7401\/revisions"}],"predecessor-version":[{"id":8140,"href":"http:\/\/www.aranyjanos.edu.rs\/sr\/wp-json\/wp\/v2\/pages\/7401\/revisions\/8140"}],"up":[{"embeddable":true,"href":"http:\/\/www.aranyjanos.edu.rs\/sr\/wp-json\/wp\/v2\/pages\/47"}],"wp:attachment":[{"href":"http:\/\/www.aranyjanos.edu.rs\/sr\/wp-json\/wp\/v2\/media?parent=7401"}],"curies":[{"name":"wp","href":"https:\/\/api.w.org\/{rel}","templated":true}]}}