{"id":7400,"date":"2017-11-03T19:37:50","date_gmt":"2017-11-03T19:37:50","guid":{"rendered":"http:\/\/www.aranyjanos.edu.rs\/sr\/?page_id=7400"},"modified":"2025-09-08T10:10:51","modified_gmt":"2025-09-08T09:10:51","slug":"orom-3-r","status":"publish","type":"page","link":"http:\/\/www.aranyjanos.edu.rs\/sr\/tanulok-2\/orom\/orom-3-r\/","title":{"rendered":"Orom 4.razred"},"content":{"rendered":"<ol>\n<li><strong>Bagi Zoe<\/strong><\/li>\n<li><strong>Gulja\u0161 Adam<\/strong><\/li>\n<li><strong>Juhas Zalan<\/strong><\/li>\n<li><strong>Kermeci Reka<\/strong><\/li>\n<li><strong>Kova\u010d Heidi<\/strong><\/li>\n<li><strong>Peji\u0107 Nata\u0161a<\/strong><\/li>\n<li><strong>Popi\u0107 Armin<\/strong><\/li>\n<li><strong>Turu Botond<\/strong><\/li>\n<\/ol>\n","protected":false},"excerpt":{"rendered":"<p>Bagi Zoe Gulja\u0161 Adam Juhas Zalan Kermeci Reka Kova\u010d Heidi Peji\u0107 Nata\u0161a Popi\u0107 Armin Turu Botond<\/p>\n","protected":false},"author":1,"featured_media":0,"parent":47,"menu_order":333,"comment_status":"closed","ping_status":"closed","template":"","meta":{"ngg_post_thumbnail":0,"footnotes":"","_links_to":"","_links_to_target":""},"class_list":["post-7400","page","type-page","status-publish","hentry","nodate","item-wrap"],"_links":{"self":[{"href":"http:\/\/www.aranyjanos.edu.rs\/sr\/wp-json\/wp\/v2\/pages\/7400","targetHints":{"allow":["GET"]}}],"collection":[{"href":"http:\/\/www.aranyjanos.edu.rs\/sr\/wp-json\/wp\/v2\/pages"}],"about":[{"href":"http:\/\/www.aranyjanos.edu.rs\/sr\/wp-json\/wp\/v2\/types\/page"}],"author":[{"embeddable":true,"href":"http:\/\/www.aranyjanos.edu.rs\/sr\/wp-json\/wp\/v2\/users\/1"}],"replies":[{"embeddable":true,"href":"http:\/\/www.aranyjanos.edu.rs\/sr\/wp-json\/wp\/v2\/comments?post=7400"}],"version-history":[{"count":4,"href":"http:\/\/www.aranyjanos.edu.rs\/sr\/wp-json\/wp\/v2\/pages\/7400\/revisions"}],"predecessor-version":[{"id":8141,"href":"http:\/\/www.aranyjanos.edu.rs\/sr\/wp-json\/wp\/v2\/pages\/7400\/revisions\/8141"}],"up":[{"embeddable":true,"href":"http:\/\/www.aranyjanos.edu.rs\/sr\/wp-json\/wp\/v2\/pages\/47"}],"wp:attachment":[{"href":"http:\/\/www.aranyjanos.edu.rs\/sr\/wp-json\/wp\/v2\/media?parent=7400"}],"curies":[{"name":"wp","href":"https:\/\/api.w.org\/{rel}","templated":true}]}}