{"id":7399,"date":"2017-11-03T19:37:51","date_gmt":"2017-11-03T19:37:51","guid":{"rendered":"http:\/\/www.aranyjanos.edu.rs\/sr\/?page_id=7399"},"modified":"2025-09-08T10:11:16","modified_gmt":"2025-09-08T09:11:16","slug":"orom-2-r","status":"publish","type":"page","link":"http:\/\/www.aranyjanos.edu.rs\/sr\/tanulok-2\/orom\/orom-2-r\/","title":{"rendered":"Orom 3.razred"},"content":{"rendered":"<ol>\n<li>Balint \u017deljke<\/li>\n<li>Bella Nikoletta<\/li>\n<li>Besede\u0161 Dominik<\/li>\n<li>Bi\u010dkei Ema<\/li>\n<li>Vajda Gerge<\/li>\n<li>Vajda Zoe<\/li>\n<li>Vajdovi\u010d Bence<\/li>\n<li>Gyire Patrik<\/li>\n<li>Kova\u010d Reka<\/li>\n<li>Na\u0111 \u0110er\u0111 Daniel<\/li>\n<li>Sokol Jazmin<\/li>\n<li>Tari Viktoria<\/li>\n<li>\u010cesko \u017dofi<\/li>\n<\/ol>\n","protected":false},"excerpt":{"rendered":"<p>Balint \u017deljke Bella Nikoletta Besede\u0161 Dominik Bi\u010dkei Ema Vajda Gerge Vajda Zoe Vajdovi\u010d Bence Gyire Patrik Kova\u010d Reka Na\u0111 \u0110er\u0111 Daniel Sokol Jazmin Tari Viktoria \u010cesko \u017dofi<\/p>\n","protected":false},"author":1,"featured_media":0,"parent":47,"menu_order":332,"comment_status":"closed","ping_status":"closed","template":"","meta":{"ngg_post_thumbnail":0,"footnotes":"","_links_to":"","_links_to_target":""},"class_list":["post-7399","page","type-page","status-publish","hentry","nodate","item-wrap"],"_links":{"self":[{"href":"http:\/\/www.aranyjanos.edu.rs\/sr\/wp-json\/wp\/v2\/pages\/7399","targetHints":{"allow":["GET"]}}],"collection":[{"href":"http:\/\/www.aranyjanos.edu.rs\/sr\/wp-json\/wp\/v2\/pages"}],"about":[{"href":"http:\/\/www.aranyjanos.edu.rs\/sr\/wp-json\/wp\/v2\/types\/page"}],"author":[{"embeddable":true,"href":"http:\/\/www.aranyjanos.edu.rs\/sr\/wp-json\/wp\/v2\/users\/1"}],"replies":[{"embeddable":true,"href":"http:\/\/www.aranyjanos.edu.rs\/sr\/wp-json\/wp\/v2\/comments?post=7399"}],"version-history":[{"count":4,"href":"http:\/\/www.aranyjanos.edu.rs\/sr\/wp-json\/wp\/v2\/pages\/7399\/revisions"}],"predecessor-version":[{"id":8142,"href":"http:\/\/www.aranyjanos.edu.rs\/sr\/wp-json\/wp\/v2\/pages\/7399\/revisions\/8142"}],"up":[{"embeddable":true,"href":"http:\/\/www.aranyjanos.edu.rs\/sr\/wp-json\/wp\/v2\/pages\/47"}],"wp:attachment":[{"href":"http:\/\/www.aranyjanos.edu.rs\/sr\/wp-json\/wp\/v2\/media?parent=7399"}],"curies":[{"name":"wp","href":"https:\/\/api.w.org\/{rel}","templated":true}]}}