{"id":7398,"date":"2017-11-03T19:37:55","date_gmt":"2017-11-03T19:37:55","guid":{"rendered":"http:\/\/www.aranyjanos.edu.rs\/sr\/?page_id=7398"},"modified":"2025-09-08T10:12:10","modified_gmt":"2025-09-08T09:12:10","slug":"orom-1-r","status":"publish","type":"page","link":"http:\/\/www.aranyjanos.edu.rs\/sr\/tanulok-2\/orom\/orom-1-r\/","title":{"rendered":"Orom 1.razred"},"content":{"rendered":"<ol>\n<li>Bartok Dora<\/li>\n<li>Kova\u010di\u0107 Nata\u0161a<\/li>\n<li>Kolar Mirel<\/li>\n<li>Kri\u017ean Ester<\/li>\n<li>Mago\u0161i Kala<\/li>\n<li>Na\u0111 Atila<\/li>\n<li>Horvat Barnaba\u0161<\/li>\n<li>\u0160oti Bence<\/li>\n<\/ol>\n","protected":false},"excerpt":{"rendered":"<p>Bartok Dora Kova\u010di\u0107 Nata\u0161a Kolar Mirel Kri\u017ean Ester Mago\u0161i Kala Na\u0111 Atila Horvat Barnaba\u0161 \u0160oti Bence<\/p>\n","protected":false},"author":1,"featured_media":0,"parent":47,"menu_order":331,"comment_status":"closed","ping_status":"closed","template":"","meta":{"ngg_post_thumbnail":0,"footnotes":"","_links_to":"","_links_to_target":""},"class_list":["post-7398","page","type-page","status-publish","hentry","nodate","item-wrap"],"_links":{"self":[{"href":"http:\/\/www.aranyjanos.edu.rs\/sr\/wp-json\/wp\/v2\/pages\/7398","targetHints":{"allow":["GET"]}}],"collection":[{"href":"http:\/\/www.aranyjanos.edu.rs\/sr\/wp-json\/wp\/v2\/pages"}],"about":[{"href":"http:\/\/www.aranyjanos.edu.rs\/sr\/wp-json\/wp\/v2\/types\/page"}],"author":[{"embeddable":true,"href":"http:\/\/www.aranyjanos.edu.rs\/sr\/wp-json\/wp\/v2\/users\/1"}],"replies":[{"embeddable":true,"href":"http:\/\/www.aranyjanos.edu.rs\/sr\/wp-json\/wp\/v2\/comments?post=7398"}],"version-history":[{"count":6,"href":"http:\/\/www.aranyjanos.edu.rs\/sr\/wp-json\/wp\/v2\/pages\/7398\/revisions"}],"predecessor-version":[{"id":8144,"href":"http:\/\/www.aranyjanos.edu.rs\/sr\/wp-json\/wp\/v2\/pages\/7398\/revisions\/8144"}],"up":[{"embeddable":true,"href":"http:\/\/www.aranyjanos.edu.rs\/sr\/wp-json\/wp\/v2\/pages\/47"}],"wp:attachment":[{"href":"http:\/\/www.aranyjanos.edu.rs\/sr\/wp-json\/wp\/v2\/media?parent=7398"}],"curies":[{"name":"wp","href":"https:\/\/api.w.org\/{rel}","templated":true}]}}