{"id":7388,"date":"2017-11-03T18:52:19","date_gmt":"2017-11-03T18:52:19","guid":{"rendered":"http:\/\/www.aranyjanos.edu.rs\/sr\/?page_id=7388"},"modified":"2025-09-08T09:45:06","modified_gmt":"2025-09-08T08:45:06","slug":"tresnjevac-7-r","status":"publish","type":"page","link":"http:\/\/www.aranyjanos.edu.rs\/sr\/tanulok-2\/oromhegyes\/tresnjevac-7-r\/","title":{"rendered":"Tre\u0161njevac 8. razred"},"content":{"rendered":"<p>1.Bata Konor<\/p>\n<p>2. David Martin<\/p>\n<p>3. Hubai Reka<\/p>\n<p>4. Leko Bala\u017e Zetenj<\/p>\n<p>5. &nbsp;Molnar Vajda Petra<\/p>\n<p>6. Muhi Martin<\/p>\n<p>7. Nemet Botond<\/p>\n<p>8. \u0160arnjai David<\/p>\n<p>9. Taka\u010d Greta<\/p>\n<p>10. Vida Angelina<\/p>\n","protected":false},"excerpt":{"rendered":"<p>1.Bata Konor 2. David Martin 3. Hubai Reka 4. Leko Bala\u017e Zetenj 5. &nbsp;Molnar Vajda Petra 6. Muhi Martin 7. Nemet Botond 8. \u0160arnjai David 9. Taka\u010d Greta 10. Vida Angelina<\/p>\n","protected":false},"author":1,"featured_media":0,"parent":45,"menu_order":327,"comment_status":"closed","ping_status":"closed","template":"","meta":{"ngg_post_thumbnail":0,"footnotes":"","_links_to":"","_links_to_target":""},"class_list":["post-7388","page","type-page","status-publish","hentry","nodate","item-wrap"],"_links":{"self":[{"href":"http:\/\/www.aranyjanos.edu.rs\/sr\/wp-json\/wp\/v2\/pages\/7388","targetHints":{"allow":["GET"]}}],"collection":[{"href":"http:\/\/www.aranyjanos.edu.rs\/sr\/wp-json\/wp\/v2\/pages"}],"about":[{"href":"http:\/\/www.aranyjanos.edu.rs\/sr\/wp-json\/wp\/v2\/types\/page"}],"author":[{"embeddable":true,"href":"http:\/\/www.aranyjanos.edu.rs\/sr\/wp-json\/wp\/v2\/users\/1"}],"replies":[{"embeddable":true,"href":"http:\/\/www.aranyjanos.edu.rs\/sr\/wp-json\/wp\/v2\/comments?post=7388"}],"version-history":[{"count":5,"href":"http:\/\/www.aranyjanos.edu.rs\/sr\/wp-json\/wp\/v2\/pages\/7388\/revisions"}],"predecessor-version":[{"id":8121,"href":"http:\/\/www.aranyjanos.edu.rs\/sr\/wp-json\/wp\/v2\/pages\/7388\/revisions\/8121"}],"up":[{"embeddable":true,"href":"http:\/\/www.aranyjanos.edu.rs\/sr\/wp-json\/wp\/v2\/pages\/45"}],"wp:attachment":[{"href":"http:\/\/www.aranyjanos.edu.rs\/sr\/wp-json\/wp\/v2\/media?parent=7388"}],"curies":[{"name":"wp","href":"https:\/\/api.w.org\/{rel}","templated":true}]}}