{"id":7386,"date":"2017-11-03T18:52:01","date_gmt":"2017-11-03T18:52:01","guid":{"rendered":"http:\/\/www.aranyjanos.edu.rs\/sr\/?page_id=7386"},"modified":"2025-09-08T09:47:53","modified_gmt":"2025-09-08T08:47:53","slug":"tresnjevac-5-r","status":"publish","type":"page","link":"http:\/\/www.aranyjanos.edu.rs\/sr\/tanulok-2\/oromhegyes\/tresnjevac-5-r\/","title":{"rendered":"Tre\u0161njevac 6. razred"},"content":{"rendered":"<ol>\n<li><strong>Bagi Eme\u0161e<\/strong><\/li>\n<li><strong>Bajus Ana<\/strong><\/li>\n<li><strong>Bajus David<\/strong><\/li>\n<li><strong>Balint Leon<\/strong><\/li>\n<li><strong>Bata Zoe<\/strong><\/li>\n<li><strong>Fazeka\u0161 Emilia<\/strong><\/li>\n<li><strong>Ko\u010di\u0161 Kira<\/strong><\/li>\n<li><strong>Pataki \u010cila<\/strong><\/li>\n<li><strong>Reves Aleksander<\/strong><\/li>\n<li><strong>\u0160aringer Kri\u0161tof<\/strong><\/li>\n<li><strong>Salma Armin<\/strong><\/li>\n<li><strong>Sel Mila<\/strong><\/li>\n<li><strong>Topol\u010danji Kornel<\/strong><\/li>\n<\/ol>\n","protected":false},"excerpt":{"rendered":"<p>Bagi Eme\u0161e Bajus Ana Bajus David Balint Leon Bata Zoe Fazeka\u0161 Emilia Ko\u010di\u0161 Kira Pataki \u010cila Reves Aleksander \u0160aringer Kri\u0161tof Salma Armin Sel Mila Topol\u010danji Kornel<\/p>\n","protected":false},"author":1,"featured_media":0,"parent":45,"menu_order":325,"comment_status":"closed","ping_status":"closed","template":"","meta":{"ngg_post_thumbnail":0,"footnotes":"","_links_to":"","_links_to_target":""},"class_list":["post-7386","page","type-page","status-publish","hentry","nodate","item-wrap"],"_links":{"self":[{"href":"http:\/\/www.aranyjanos.edu.rs\/sr\/wp-json\/wp\/v2\/pages\/7386","targetHints":{"allow":["GET"]}}],"collection":[{"href":"http:\/\/www.aranyjanos.edu.rs\/sr\/wp-json\/wp\/v2\/pages"}],"about":[{"href":"http:\/\/www.aranyjanos.edu.rs\/sr\/wp-json\/wp\/v2\/types\/page"}],"author":[{"embeddable":true,"href":"http:\/\/www.aranyjanos.edu.rs\/sr\/wp-json\/wp\/v2\/users\/1"}],"replies":[{"embeddable":true,"href":"http:\/\/www.aranyjanos.edu.rs\/sr\/wp-json\/wp\/v2\/comments?post=7386"}],"version-history":[{"count":5,"href":"http:\/\/www.aranyjanos.edu.rs\/sr\/wp-json\/wp\/v2\/pages\/7386\/revisions"}],"predecessor-version":[{"id":8124,"href":"http:\/\/www.aranyjanos.edu.rs\/sr\/wp-json\/wp\/v2\/pages\/7386\/revisions\/8124"}],"up":[{"embeddable":true,"href":"http:\/\/www.aranyjanos.edu.rs\/sr\/wp-json\/wp\/v2\/pages\/45"}],"wp:attachment":[{"href":"http:\/\/www.aranyjanos.edu.rs\/sr\/wp-json\/wp\/v2\/media?parent=7386"}],"curies":[{"name":"wp","href":"https:\/\/api.w.org\/{rel}","templated":true}]}}