{"id":7385,"date":"2017-11-03T18:51:50","date_gmt":"2017-11-03T18:51:50","guid":{"rendered":"http:\/\/www.aranyjanos.edu.rs\/sr\/?page_id=7385"},"modified":"2025-09-08T09:50:27","modified_gmt":"2025-09-08T08:50:27","slug":"tresnjevac-4-r","status":"publish","type":"page","link":"http:\/\/www.aranyjanos.edu.rs\/sr\/tanulok-2\/oromhegyes\/tresnjevac-4-r\/","title":{"rendered":"Tre\u0161njevac 5. razred"},"content":{"rendered":"<div class=\"entry-content clearfix\">\n<ol>\n<li>\n<h5><strong>Deme \u0160ari<\/strong><\/h5>\n<\/li>\n<li>\n<h5><strong>Ko\u010di\u0161 Kevin<\/strong><\/h5>\n<\/li>\n<li>\n<h5><strong>Ko\u010di\u0161 Kristian<\/strong><\/h5>\n<\/li>\n<li>\n<h5><strong>Muhi Laslo<\/strong><\/h5>\n<\/li>\n<li>\n<h5><strong>\u0160andor Oliver<\/strong><\/h5>\n<\/li>\n<\/ol>\n<\/div>\n","protected":false},"excerpt":{"rendered":"<p>Deme \u0160ari Ko\u010di\u0161 Kevin Ko\u010di\u0161 Kristian Muhi Laslo \u0160andor Oliver<\/p>\n","protected":false},"author":1,"featured_media":0,"parent":45,"menu_order":324,"comment_status":"closed","ping_status":"closed","template":"","meta":{"ngg_post_thumbnail":0,"footnotes":"","_links_to":"","_links_to_target":""},"class_list":["post-7385","page","type-page","status-publish","hentry","nodate","item-wrap"],"_links":{"self":[{"href":"http:\/\/www.aranyjanos.edu.rs\/sr\/wp-json\/wp\/v2\/pages\/7385","targetHints":{"allow":["GET"]}}],"collection":[{"href":"http:\/\/www.aranyjanos.edu.rs\/sr\/wp-json\/wp\/v2\/pages"}],"about":[{"href":"http:\/\/www.aranyjanos.edu.rs\/sr\/wp-json\/wp\/v2\/types\/page"}],"author":[{"embeddable":true,"href":"http:\/\/www.aranyjanos.edu.rs\/sr\/wp-json\/wp\/v2\/users\/1"}],"replies":[{"embeddable":true,"href":"http:\/\/www.aranyjanos.edu.rs\/sr\/wp-json\/wp\/v2\/comments?post=7385"}],"version-history":[{"count":5,"href":"http:\/\/www.aranyjanos.edu.rs\/sr\/wp-json\/wp\/v2\/pages\/7385\/revisions"}],"predecessor-version":[{"id":8126,"href":"http:\/\/www.aranyjanos.edu.rs\/sr\/wp-json\/wp\/v2\/pages\/7385\/revisions\/8126"}],"up":[{"embeddable":true,"href":"http:\/\/www.aranyjanos.edu.rs\/sr\/wp-json\/wp\/v2\/pages\/45"}],"wp:attachment":[{"href":"http:\/\/www.aranyjanos.edu.rs\/sr\/wp-json\/wp\/v2\/media?parent=7385"}],"curies":[{"name":"wp","href":"https:\/\/api.w.org\/{rel}","templated":true}]}}