{"id":7384,"date":"2017-11-03T18:51:41","date_gmt":"2017-11-03T18:51:41","guid":{"rendered":"http:\/\/www.aranyjanos.edu.rs\/sr\/?page_id=7384"},"modified":"2025-10-01T08:43:25","modified_gmt":"2025-10-01T07:43:25","slug":"tresnjevac-3-r","status":"publish","type":"page","link":"http:\/\/www.aranyjanos.edu.rs\/sr\/tanulok-2\/oromhegyes\/tresnjevac-3-r\/","title":{"rendered":"Tre\u0161njevac 4. razred"},"content":{"rendered":"<div class=\"entry-content clearfix\">\n<ol>\n<li>\n<h5>Akarija\u0161 Rihard<\/h5>\n<\/li>\n<li><strong>Besede\u0161 Tamara<\/strong><\/li>\n<li>\n<h5>Gombo\u0161 Kiti<\/h5>\n<\/li>\n<li>\n<h5>Na\u0111 \u017dolt<\/h5>\n<\/li>\n<li><strong>\u0160oti Ruben<\/strong><\/li>\n<li>\n<h5>Sel Ma\u0161a<\/h5>\n<\/li>\n<li>\n<h5>Remete Zoe<\/h5>\n<\/li>\n<li>\n<h5>Trnini\u0107 Stefan<\/h5>\n<\/li>\n<\/ol>\n<\/div>\n","protected":false},"excerpt":{"rendered":"<p>Akarija\u0161 Rihard Besede\u0161 Tamara Gombo\u0161 Kiti Na\u0111 \u017dolt \u0160oti Ruben Sel Ma\u0161a Remete Zoe Trnini\u0107 Stefan<\/p>\n","protected":false},"author":1,"featured_media":0,"parent":45,"menu_order":323,"comment_status":"closed","ping_status":"closed","template":"","meta":{"ngg_post_thumbnail":0,"footnotes":"","_links_to":"","_links_to_target":""},"class_list":["post-7384","page","type-page","status-publish","hentry","nodate","item-wrap"],"_links":{"self":[{"href":"http:\/\/www.aranyjanos.edu.rs\/sr\/wp-json\/wp\/v2\/pages\/7384","targetHints":{"allow":["GET"]}}],"collection":[{"href":"http:\/\/www.aranyjanos.edu.rs\/sr\/wp-json\/wp\/v2\/pages"}],"about":[{"href":"http:\/\/www.aranyjanos.edu.rs\/sr\/wp-json\/wp\/v2\/types\/page"}],"author":[{"embeddable":true,"href":"http:\/\/www.aranyjanos.edu.rs\/sr\/wp-json\/wp\/v2\/users\/1"}],"replies":[{"embeddable":true,"href":"http:\/\/www.aranyjanos.edu.rs\/sr\/wp-json\/wp\/v2\/comments?post=7384"}],"version-history":[{"count":6,"href":"http:\/\/www.aranyjanos.edu.rs\/sr\/wp-json\/wp\/v2\/pages\/7384\/revisions"}],"predecessor-version":[{"id":8247,"href":"http:\/\/www.aranyjanos.edu.rs\/sr\/wp-json\/wp\/v2\/pages\/7384\/revisions\/8247"}],"up":[{"embeddable":true,"href":"http:\/\/www.aranyjanos.edu.rs\/sr\/wp-json\/wp\/v2\/pages\/45"}],"wp:attachment":[{"href":"http:\/\/www.aranyjanos.edu.rs\/sr\/wp-json\/wp\/v2\/media?parent=7384"}],"curies":[{"name":"wp","href":"https:\/\/api.w.org\/{rel}","templated":true}]}}