{"id":7383,"date":"2017-11-03T18:51:26","date_gmt":"2017-11-03T18:51:26","guid":{"rendered":"http:\/\/www.aranyjanos.edu.rs\/sr\/?page_id=7383"},"modified":"2025-09-08T09:54:25","modified_gmt":"2025-09-08T08:54:25","slug":"tresnjevac-2-r","status":"publish","type":"page","link":"http:\/\/www.aranyjanos.edu.rs\/sr\/tanulok-2\/oromhegyes\/tresnjevac-2-r\/","title":{"rendered":"Tre\u0161njevac 3. razred"},"content":{"rendered":"<ol>\n<li>Bala\u017e Aron<\/li>\n<li>&nbsp; Balint Flora<\/li>\n<li>&nbsp;Bi\u010dkei Jona\u0161<strong><br \/>\n<\/strong><\/li>\n<li>&nbsp;Bi\u010dkei Fru\u017eina<\/li>\n<li>\u010cabi Almo\u0161<\/li>\n<li>&nbsp;Dudas Adam<\/li>\n<li>&nbsp;Dukai Zakaria\u0161<\/li>\n<li>&nbsp;Kavai Mark<\/li>\n<li>Ki\u0161 Pal Peter<\/li>\n<li>&nbsp;Ko\u010dis Anett<\/li>\n<li>&nbsp;Ko\u010dis Hanna<\/li>\n<li>&nbsp;&nbsp;Na\u0111 Nemedi Andra\u0161<\/li>\n<li>&nbsp;Perpauer Milan<\/li>\n<li>&nbsp;Rekecki Abel<\/li>\n<li>\u0160aringer Lili<\/li>\n<li>Sabo Amanda<\/li>\n<li>&nbsp;Tot Izabela<\/li>\n<li>&nbsp;Vajda Nimrod<\/li>\n<li>&nbsp;Vajdovi\u010d Teodora<\/li>\n<\/ol>\n","protected":false},"excerpt":{"rendered":"<p>Bala\u017e Aron &nbsp; Balint Flora &nbsp;Bi\u010dkei Jona\u0161 &nbsp;Bi\u010dkei Fru\u017eina \u010cabi Almo\u0161 &nbsp;Dudas Adam &nbsp;Dukai Zakaria\u0161 &nbsp;Kavai Mark Ki\u0161 Pal Peter &nbsp;Ko\u010dis Anett &nbsp;Ko\u010dis Hanna &nbsp;&nbsp;Na\u0111 Nemedi Andra\u0161 &nbsp;Perpauer Milan &nbsp;Rekecki Abel \u0160aringer Lili Sabo Amanda &nbsp;Tot Izabela &nbsp;Vajda Nimrod &nbsp;Vajdovi\u010d Teodora<\/p>\n","protected":false},"author":1,"featured_media":0,"parent":45,"menu_order":322,"comment_status":"closed","ping_status":"closed","template":"","meta":{"ngg_post_thumbnail":0,"footnotes":"","_links_to":"","_links_to_target":""},"class_list":["post-7383","page","type-page","status-publish","hentry","nodate","item-wrap"],"_links":{"self":[{"href":"http:\/\/www.aranyjanos.edu.rs\/sr\/wp-json\/wp\/v2\/pages\/7383","targetHints":{"allow":["GET"]}}],"collection":[{"href":"http:\/\/www.aranyjanos.edu.rs\/sr\/wp-json\/wp\/v2\/pages"}],"about":[{"href":"http:\/\/www.aranyjanos.edu.rs\/sr\/wp-json\/wp\/v2\/types\/page"}],"author":[{"embeddable":true,"href":"http:\/\/www.aranyjanos.edu.rs\/sr\/wp-json\/wp\/v2\/users\/1"}],"replies":[{"embeddable":true,"href":"http:\/\/www.aranyjanos.edu.rs\/sr\/wp-json\/wp\/v2\/comments?post=7383"}],"version-history":[{"count":8,"href":"http:\/\/www.aranyjanos.edu.rs\/sr\/wp-json\/wp\/v2\/pages\/7383\/revisions"}],"predecessor-version":[{"id":8130,"href":"http:\/\/www.aranyjanos.edu.rs\/sr\/wp-json\/wp\/v2\/pages\/7383\/revisions\/8130"}],"up":[{"embeddable":true,"href":"http:\/\/www.aranyjanos.edu.rs\/sr\/wp-json\/wp\/v2\/pages\/45"}],"wp:attachment":[{"href":"http:\/\/www.aranyjanos.edu.rs\/sr\/wp-json\/wp\/v2\/media?parent=7383"}],"curies":[{"name":"wp","href":"https:\/\/api.w.org\/{rel}","templated":true}]}}