{"id":7382,"date":"2017-11-03T18:51:30","date_gmt":"2017-11-03T18:51:30","guid":{"rendered":"http:\/\/www.aranyjanos.edu.rs\/sr\/?page_id=7382"},"modified":"2025-10-01T08:42:47","modified_gmt":"2025-10-01T07:42:47","slug":"tresnjevac-1-r","status":"publish","type":"page","link":"http:\/\/www.aranyjanos.edu.rs\/sr\/tanulok-2\/oromhegyes\/tresnjevac-1-r\/","title":{"rendered":"Tre\u0161njevac 1. razred"},"content":{"rendered":"<ol>\n<li><strong>Lara Bakota<\/strong><\/li>\n<li><strong>\u010cenge \u010cabi<\/strong><\/li>\n<li><strong>&nbsp;Peter Gere<\/strong><\/li>\n<li><strong>&nbsp;Reka Jak\u0161a<\/strong><\/li>\n<li><strong>&nbsp;Aron Kavai<\/strong><\/li>\n<li><strong>&nbsp;Liliana Kis Pal<\/strong><\/li>\n<li><strong>&nbsp;Mate Lo\u0161onc<\/strong><\/li>\n<li><strong>&nbsp;Larisa Muhi<\/strong><\/li>\n<li><strong>&nbsp;Mark Perpauer<\/strong><\/li>\n<li><strong>&nbsp;Biborka Pinter<\/strong><\/li>\n<li><strong>&nbsp;Elena Ro\u017ea<\/strong><\/li>\n<li><strong>&nbsp;Tama\u0161 Travanjev<\/strong><\/li>\n<li><strong>&nbsp;Sanja Trnini\u0107<\/strong><\/li>\n<\/ol>\n","protected":false},"excerpt":{"rendered":"<p>Lara Bakota \u010cenge \u010cabi &nbsp;Peter Gere &nbsp;Reka Jak\u0161a &nbsp;Aron Kavai &nbsp;Liliana Kis Pal &nbsp;Mate Lo\u0161onc &nbsp;Larisa Muhi &nbsp;Mark Perpauer &nbsp;Biborka Pinter &nbsp;Elena Ro\u017ea &nbsp;Tama\u0161 Travanjev &nbsp;Sanja Trnini\u0107<\/p>\n","protected":false},"author":1,"featured_media":0,"parent":45,"menu_order":321,"comment_status":"closed","ping_status":"closed","template":"","meta":{"ngg_post_thumbnail":0,"footnotes":"","_links_to":"","_links_to_target":""},"class_list":["post-7382","page","type-page","status-publish","hentry","nodate","item-wrap"],"_links":{"self":[{"href":"http:\/\/www.aranyjanos.edu.rs\/sr\/wp-json\/wp\/v2\/pages\/7382","targetHints":{"allow":["GET"]}}],"collection":[{"href":"http:\/\/www.aranyjanos.edu.rs\/sr\/wp-json\/wp\/v2\/pages"}],"about":[{"href":"http:\/\/www.aranyjanos.edu.rs\/sr\/wp-json\/wp\/v2\/types\/page"}],"author":[{"embeddable":true,"href":"http:\/\/www.aranyjanos.edu.rs\/sr\/wp-json\/wp\/v2\/users\/1"}],"replies":[{"embeddable":true,"href":"http:\/\/www.aranyjanos.edu.rs\/sr\/wp-json\/wp\/v2\/comments?post=7382"}],"version-history":[{"count":8,"href":"http:\/\/www.aranyjanos.edu.rs\/sr\/wp-json\/wp\/v2\/pages\/7382\/revisions"}],"predecessor-version":[{"id":8246,"href":"http:\/\/www.aranyjanos.edu.rs\/sr\/wp-json\/wp\/v2\/pages\/7382\/revisions\/8246"}],"up":[{"embeddable":true,"href":"http:\/\/www.aranyjanos.edu.rs\/sr\/wp-json\/wp\/v2\/pages\/45"}],"wp:attachment":[{"href":"http:\/\/www.aranyjanos.edu.rs\/sr\/wp-json\/wp\/v2\/media?parent=7382"}],"curies":[{"name":"wp","href":"https:\/\/api.w.org\/{rel}","templated":true}]}}