{"id":2,"date":"2013-09-15T21:22:54","date_gmt":"2013-09-15T21:22:54","guid":{"rendered":"http:\/\/localhost\/wordpress\/?page_id=2"},"modified":"2023-09-01T08:44:06","modified_gmt":"2023-09-01T08:44:06","slug":"ez-egy-minta-oldal","status":"publish","type":"page","link":"http:\/\/www.aranyjanos.edu.rs\/sr\/ez-egy-minta-oldal\/","title":{"rendered":"Kontakt"},"content":{"rendered":"\n<h4 class=\"wp-block-heading\"><strong>OSNOVNA \u0160KOLA &#8222;ARANJ JANO\u0160&#8220;<\/strong><\/h4>\n\n\n\n<h5 class=\"wp-block-heading\"><strong>&#8211; Mati\u010dna \u0161kola u Tre\u0161njevcu &#8211;<\/strong><\/h5>\n\n\n\n<p><strong>Adresa<\/strong>: Mar\u0161ala Tita 62.<\/p>\n\n\n\n<p>24426 Tre\u0161njevac,&nbsp;Srbija<\/p>\n\n\n\n<p><b>Telefon:<\/b>  +381 (24) 4883-016 <\/p>\n\n\n\n<p><b>E-<wbr>mail adresa:<\/b>&nbsp; ajanos.isk@gmail.com<\/p>\n\n\n\n<center><br>\n<figure><iframe loading=\"lazy\" src=\"https:\/\/maps.google.com\/maps?f=q&amp;source=s_q&amp;hl=en&amp;geocode=&amp;q=Tre%C5%A1njevac,+Tito+Marsall,+Vojvodina&amp;aq=1&amp;oq=tresnjeva&amp;sll=45.976745,19.987049&amp;sspn=0.015658,0.03695&amp;ie=UTF8&amp;hq=&amp;hnear=Tito+Marsall,+Tre%C5%A1njevac,+North+Banat+District,+Vojvodina,+Serbia&amp;ll=45.976745,19.987049&amp;spn=0.014703,0.03695&amp;t=m&amp;z=14&amp;output=embed\" marginwidth=\"0\" marginheight=\"0\" scrolling=\"no\" width=\"425\" height=\"350\" frameborder=\"0\"><\/iframe><\/figure><br>\n<small><a style=\"color: #0000ff; text-align: left;\" href=\"https:\/\/maps.google.com\/maps?f=q&amp;source=embed&amp;hl=en&amp;geocode=&amp;q=Tre%C5%A1njevac,+Tito+Marsall,+Vojvodina&amp;aq=1&amp;oq=tresnjeva&amp;sll=45.976745,19.987049&amp;sspn=0.015658,0.03695&amp;ie=UTF8&amp;hq=&amp;hnear=Tito+Marsall,+Tre%C5%A1njevac,+North+Banat+District,+Vojvodina,+Serbia&amp;ll=45.976745,19.987049&amp;spn=0.014703,0.03695&amp;t=m&amp;z=14\">View Larger Map<\/a><\/small><\/center>\n\n\n\n<h5 class=\"wp-block-heading\"><strong>&#8211; Izdvojeno odeljenje u Oromu&nbsp;&#8211;<\/strong><\/h5>\n\n\n\n<center>&nbsp;<strong>Adresa<\/strong>: Veliki put&nbsp;141.<\/center>\n\n\n\n<p>24207 Orom,&nbsp;Srbija<\/p>\n\n\n\n<p><b>Telefon:<\/b>&nbsp;+381 (24) 4799 033<\/p>\n\n\n\n<figure><iframe loading=\"lazy\" src=\"https:\/\/maps.google.com\/maps?f=q&amp;source=s_q&amp;hl=sr&amp;geocode=&amp;q=Srbija,+Veliki,+Orom,+%D0%92%D0%BE%D1%98%D0%B2%D0%BE%D0%B4%D0%B8%D0%BD%D0%B0&amp;aq=0&amp;oq=orom,+srbija,+vel&amp;sll=45.983333,19.833333&amp;sspn=0.127393,0.295601&amp;ie=UTF8&amp;hq=&amp;hnear=%D0%92%D0%B5%D0%BB%D0%B8%D0%BA%D0%B8,+%D0%9E%D1%80%D0%BE%D0%BC,+%D0%92%D0%BE%D1%98%D0%B2%D0%BE%D0%B4%D0%B8%D0%BD%D0%B0,+%D0%A1%D1%80%D0%B1%D0%B8%D1%98%D0%B0&amp;t=m&amp;z=14&amp;ll=45.979626,19.838694&amp;output=embed\" marginwidth=\"0\" marginheight=\"0\" scrolling=\"no\" width=\"425\" height=\"350\" frameborder=\"0\"><\/iframe><\/figure>\n\n\n\n<p><br>\n<small><a style=\"color: #0000ff; text-align: left;\" href=\"https:\/\/maps.google.com\/maps?f=q&amp;source=embed&amp;hl=sr&amp;geocode=&amp;q=Srbija,+Veliki,+Orom,+%D0%92%D0%BE%D1%98%D0%B2%D0%BE%D0%B4%D0%B8%D0%BD%D0%B0&amp;aq=0&amp;oq=orom,+srbija,+vel&amp;sll=45.983333,19.833333&amp;sspn=0.127393,0.295601&amp;ie=UTF8&amp;hq=&amp;hnear=%D0%92%D0%B5%D0%BB%D0%B8%D0%BA%D0%B8,+%D0%9E%D1%80%D0%BE%D0%BC,+%D0%92%D0%BE%D1%98%D0%B2%D0%BE%D0%B4%D0%B8%D0%BD%D0%B0,+%D0%A1%D1%80%D0%B1%D0%B8%D1%98%D0%B0&amp;t=m&amp;z=14&amp;ll=45.979626,19.838694\">\u041f\u0440\u0438\u043a\u0430\u0436\u0438 \u0432\u0435\u045b\u0443 \u043c\u0430\u043f\u0443<\/a><\/small><br>\n<\/p>\n\n\n\n<h5 class=\"wp-block-heading\"><strong>&#8211; Izdvojeno odeljenje u Totovom selu&nbsp;&#8211;<\/strong><\/h5>\n\n\n\n<center>&nbsp;<strong>Adresa<\/strong>: Ko\u0161utova&nbsp;4.<\/center>\n\n\n\n<p>24427 Totovo selo,&nbsp;Srbija<\/p>\n\n\n\n<p><b>Telefon:<\/b>\u00a0+381 (24)\u00a04887 200<\/p>\n\n\n\n<center><br>\n<figure><iframe loading=\"lazy\" style=\"border: 0;\" src=\"https:\/\/www.google.com\/maps\/embed?pb=!1m14!1m12!1m3!1d2773.463167085745!2d19.91774618578263!3d45.96200789905628!2m3!1f0!2f0!3f0!3m2!1i1024!2i768!4f13.1!5e0!3m2!1sen!2shu!4v1444385624169\" allowfullscreen=\"allowfullscreen\" width=\"427\" height=\"320\" frameborder=\"0\"><\/iframe><\/figure><\/center>\n\n\n\n<h5 class=\"wp-block-heading\"><strong>&#8211;<\/strong><\/h5>\n\n\n\n\n\n\n\n<p><br><\/p>\n\n\n","protected":false},"excerpt":{"rendered":"<p>OSNOVNA \u0160KOLA &#8222;ARANJ JANO\u0160&#8220; &#8211; Mati\u010dna \u0161kola u Tre\u0161njevcu &#8211; Adresa: Mar\u0161ala Tita 62. 24426 Tre\u0161njevac,&nbsp;Srbija Telefon: +381 (24) 4883-016 E-mail adresa:&nbsp; ajanos.isk@gmail.com View Larger Map &#8211; Izdvojeno odeljenje u Oromu&nbsp;&#8211; &nbsp;Adresa: Veliki put&nbsp;141. 24207 Orom,&nbsp;Srbija Telefon:&nbsp;+381 (24) 4799 033 \u041f\u0440\u0438\u043a\u0430\u0436\u0438 \u0432\u0435\u045b\u0443 \u043c\u0430\u043f\u0443 &#8211; Izdvojeno odeljenje u Totovom selu&nbsp;&#8211; &nbsp;Adresa: Ko\u0161utova&nbsp;4. 24427 Totovo selo,&nbsp;Srbija Telefon:\u00a0+381 &hellip; <\/p>\n<p><a class=\"more-link btn\" href=\"http:\/\/www.aranyjanos.edu.rs\/sr\/ez-egy-minta-oldal\/\">Nastaviti \u010ditanje<\/a><\/p>\n","protected":false},"author":1,"featured_media":0,"parent":0,"menu_order":900,"comment_status":"open","ping_status":"closed","template":"","meta":{"ngg_post_thumbnail":0,"footnotes":"","_links_to":"","_links_to_target":""},"class_list":["post-2","page","type-page","status-publish","hentry","nodate","item-wrap"],"_links":{"self":[{"href":"http:\/\/www.aranyjanos.edu.rs\/sr\/wp-json\/wp\/v2\/pages\/2","targetHints":{"allow":["GET"]}}],"collection":[{"href":"http:\/\/www.aranyjanos.edu.rs\/sr\/wp-json\/wp\/v2\/pages"}],"about":[{"href":"http:\/\/www.aranyjanos.edu.rs\/sr\/wp-json\/wp\/v2\/types\/page"}],"author":[{"embeddable":true,"href":"http:\/\/www.aranyjanos.edu.rs\/sr\/wp-json\/wp\/v2\/users\/1"}],"replies":[{"embeddable":true,"href":"http:\/\/www.aranyjanos.edu.rs\/sr\/wp-json\/wp\/v2\/comments?post=2"}],"version-history":[{"count":19,"href":"http:\/\/www.aranyjanos.edu.rs\/sr\/wp-json\/wp\/v2\/pages\/2\/revisions"}],"predecessor-version":[{"id":7978,"href":"http:\/\/www.aranyjanos.edu.rs\/sr\/wp-json\/wp\/v2\/pages\/2\/revisions\/7978"}],"wp:attachment":[{"href":"http:\/\/www.aranyjanos.edu.rs\/sr\/wp-json\/wp\/v2\/media?parent=2"}],"curies":[{"name":"wp","href":"https:\/\/api.w.org\/{rel}","templated":true}]}}