{"id":143,"date":"2013-09-25T09:35:42","date_gmt":"2013-09-25T09:35:42","guid":{"rendered":"http:\/\/localhost\/wordpress\/?page_id=143"},"modified":"2017-09-25T10:34:12","modified_gmt":"2017-09-25T10:34:12","slug":"hasznos-linkek","status":"publish","type":"page","link":"http:\/\/www.aranyjanos.edu.rs\/sr\/hasznos-linkek\/","title":{"rendered":"Korisni linkovi"},"content":{"rendered":"<h4 style=\"padding-left: 90px;\"><strong>Obrazovanje<\/strong><\/h4>\n<h5 style=\"padding-left: 60px;\"><a href=\"http:\/\/www.mpn.gov.rs\" target=\"_blank\" rel=\"noopener noreferrer\">Ministarstvo obrazovanja<\/a><\/h5>\n<h5 style=\"padding-left: 60px;\"><a href=\"http:\/\/www.puma.vojvodina.gov.rs\" target=\"_blank\" rel=\"noopener noreferrer\">Pokrajinski sekretarijat obrazovanja&nbsp;<\/a><\/h5>\n<h5 style=\"padding-left: 60px;\"><a href=\"http:\/\/www.zuov.gov.rs\/\" target=\"_blank\" rel=\"noopener noreferrer\">ZUOV<\/a><\/h5>\n<h5 style=\"padding-left: 60px;\"><a href=\"http:\/\/www.surs.org.rs\/\" target=\"_blank\" rel=\"noopener noreferrer\">Savez u\u010ditelja<\/a><\/h5>\n<h5 style=\"padding-left: 60px;\"><a href=\"http:\/\/www.rckanjiza.edu.rs\" target=\"_blank\" rel=\"noopener noreferrer\">Regionalni centar za profesionalni razvoj zaposlenih u obrazovanju &#8211; Kanji\u017ea<\/a>&nbsp;<\/h5>\n<h5 style=\"padding-left: 60px;\"><a href=\"http:\/\/srb.pekanizsa.edu.rs\/\" target=\"_blank\" rel=\"noopener noreferrer\">Udru\u017eenje prosvetnih radnika op\u0161tine Kanji\u017ea<\/a><\/h5>\n<h5 style=\"padding-left: 60px;\"><a href=\"http:\/\/www.kreativnaskola.rs\/\" target=\"_blank\" rel=\"noopener noreferrer\">Kreativna \u0161kola<\/a><\/h5>\n<h5 style=\"padding-left: 60px;\"><a href=\"http:\/\/www.matura.biz-zr.co.rs\/\" target=\"_blank\" rel=\"noopener noreferrer\">Matura!? Kako? Lako!<\/a><\/h5>\n<h5 style=\"padding-left: 60px;\"><a href=\"http:\/\/www.mala-matura.com\/\" target=\"_blank\" rel=\"noopener noreferrer\">Mala matura<\/a><\/h5>\n<h5 style=\"padding-left: 60px;\"><a href=\"http:\/\/dms.org.rs\/\" target=\"_blank\" rel=\"noopener noreferrer\">Dru\u0161tvo matemati\u010dara Srbije<\/a><\/h5>\n<h5 style=\"padding-left: 60px;\"><a href=\"http:\/\/www.jab.org.rs\/\" target=\"_blank\" rel=\"noopener noreferrer\">Gradska biblioteka &#8211; Kanji\u017ea<\/a><\/h5>\n<h5 style=\"padding-left: 60px;\"><a href=\"http:\/\/www.kanjiza.rs\/hun\/magyarkanizsa\" target=\"_blank\" rel=\"noopener noreferrer\">Kanji\u017ea<\/a><\/h5>\n<p style=\"padding-left: 60px;\">&nbsp;<\/p>\n<h4 style=\"padding-left: 90px;\"><strong>Razonoda<\/strong><\/h4>\n<h5 style=\"padding-left: 60px;\"><a href=\"http:\/\/bagolykucko.webnode.hu\/\" target=\"_blank\" rel=\"noopener noreferrer\">Bagoly kuck\u00f3<\/a><\/h5>\n<h5 style=\"padding-left: 60px;\"><a href=\"http:\/\/www.kreativkucko.in.rs\/\" target=\"_blank\" rel=\"noopener noreferrer\">Kreat\u00edv kuck\u00f3<\/a><\/h5>\n<h5 style=\"padding-left: 60px;\"><a href=\"http:\/\/www.zvrk.rs\/\" target=\"_blank\" rel=\"noopener noreferrer\">Zvrk<\/a><\/h5>\n","protected":false},"excerpt":{"rendered":"<p>Obrazovanje Ministarstvo obrazovanja Pokrajinski sekretarijat obrazovanja&nbsp; ZUOV Savez u\u010ditelja Regionalni centar za profesionalni razvoj zaposlenih u obrazovanju &#8211; Kanji\u017ea&nbsp; Udru\u017eenje prosvetnih radnika op\u0161tine Kanji\u017ea Kreativna \u0161kola Matura!? Kako? Lako! Mala matura Dru\u0161tvo matemati\u010dara Srbije Gradska biblioteka &#8211; Kanji\u017ea Kanji\u017ea &nbsp; Razonoda Bagoly kuck\u00f3 Kreat\u00edv kuck\u00f3 Zvrk<\/p>\n","protected":false},"author":1,"featured_media":0,"parent":0,"menu_order":800,"comment_status":"open","ping_status":"closed","template":"","meta":{"ngg_post_thumbnail":0,"footnotes":"","_links_to":"","_links_to_target":""},"class_list":["post-143","page","type-page","status-publish","hentry","nodate","item-wrap"],"_links":{"self":[{"href":"http:\/\/www.aranyjanos.edu.rs\/sr\/wp-json\/wp\/v2\/pages\/143","targetHints":{"allow":["GET"]}}],"collection":[{"href":"http:\/\/www.aranyjanos.edu.rs\/sr\/wp-json\/wp\/v2\/pages"}],"about":[{"href":"http:\/\/www.aranyjanos.edu.rs\/sr\/wp-json\/wp\/v2\/types\/page"}],"author":[{"embeddable":true,"href":"http:\/\/www.aranyjanos.edu.rs\/sr\/wp-json\/wp\/v2\/users\/1"}],"replies":[{"embeddable":true,"href":"http:\/\/www.aranyjanos.edu.rs\/sr\/wp-json\/wp\/v2\/comments?post=143"}],"version-history":[{"count":13,"href":"http:\/\/www.aranyjanos.edu.rs\/sr\/wp-json\/wp\/v2\/pages\/143\/revisions"}],"predecessor-version":[{"id":7331,"href":"http:\/\/www.aranyjanos.edu.rs\/sr\/wp-json\/wp\/v2\/pages\/143\/revisions\/7331"}],"wp:attachment":[{"href":"http:\/\/www.aranyjanos.edu.rs\/sr\/wp-json\/wp\/v2\/media?parent=143"}],"curies":[{"name":"wp","href":"https:\/\/api.w.org\/{rel}","templated":true}]}}