{"id":117,"date":"2013-09-25T08:21:30","date_gmt":"2013-09-25T08:21:30","guid":{"rendered":"http:\/\/localhost\/wordpress\/?page_id=117"},"modified":"2025-09-05T11:22:02","modified_gmt":"2025-09-05T10:22:02","slug":"segedszemelyzet","status":"publish","type":"page","link":"http:\/\/www.aranyjanos.edu.rs\/sr\/dolgozok\/segedszemelyzet\/","title":{"rendered":"Pomo\u0107no osoblje"},"content":{"rendered":"<p>&nbsp;<\/p>\n<h5 style=\"padding-left: 60px;\"><b>Horvat Erika &#8211; <\/b>servirka<\/h5>\n<h5 style=\"padding-left: 60px;\"><strong>Revid Tibor &#8211; <\/strong>domar<\/h5>\n<h5 style=\"padding-left: 60px;\">Erdeg Natalia &#8211; sprema\u010dica<\/h5>\n<h5>&nbsp; &nbsp; &nbsp; &nbsp; &nbsp; &nbsp; &nbsp; \u010ciko\u0161 Fa\u0107ol Nora &#8211; sprema\u010dica<\/h5>\n<h5 style=\"padding-left: 60px;\"><strong>\u0160arnjai Adam &#8211; <\/strong>domar<\/h5>\n<h5 style=\"padding-left: 60px;\"><strong>Horvat Jano\u0161<\/strong> &#8211; lo\u017ea\u010d<\/h5>\n<h5 style=\"padding-left: 60px;\"><strong>Kova\u010d Maria&nbsp;&#8211;&nbsp;<\/strong>servirka, sprema\u010dica<\/h5>\n<h5 style=\"padding-left: 60px;\"><strong>Lo\u0161onc Ro\u017ea&nbsp;&#8211;&nbsp;<\/strong>sprema\u010dica<\/h5>\n<h5 style=\"padding-left: 60px;\"><strong>Mihalji Agota&nbsp;&#8211;&nbsp;<\/strong>sprema\u010dica<\/h5>\n<h5 style=\"padding-left: 60px;\">Na\u0111 Leona &#8211;&nbsp;sprema\u010dica<\/h5>\n<h5 style=\"padding-left: 60px;\"><strong>Po\u0161a Monika&nbsp;&#8211;&nbsp;<\/strong>sprema\u010dica<\/h5>\n<h5 style=\"padding-left: 60px;\"><strong>\u0160albak Marta&nbsp;&#8211;&nbsp;<\/strong>sprema\u010dica&nbsp;&nbsp;&nbsp;&nbsp;&nbsp;&nbsp;&nbsp;&nbsp;&nbsp;&nbsp;&nbsp;&nbsp;&nbsp;&nbsp;&nbsp;<\/h5>\n<h5 style=\"padding-left: 60px;\"><strong>Tot Ibolja&nbsp;&#8211;&nbsp;<\/strong>servirka, sprema\u010dica<\/h5>\n<p>&nbsp;<\/p>\n","protected":false},"excerpt":{"rendered":"<p>&nbsp; Horvat Erika &#8211; servirka Revid Tibor &#8211; domar Erdeg Natalia &#8211; sprema\u010dica &nbsp; &nbsp; &nbsp; &nbsp; &nbsp; &nbsp; &nbsp; \u010ciko\u0161 Fa\u0107ol Nora &#8211; sprema\u010dica \u0160arnjai Adam &#8211; domar Horvat Jano\u0161 &#8211; lo\u017ea\u010d Kova\u010d Maria&nbsp;&#8211;&nbsp;servirka, sprema\u010dica Lo\u0161onc Ro\u017ea&nbsp;&#8211;&nbsp;sprema\u010dica Mihalji Agota&nbsp;&#8211;&nbsp;sprema\u010dica Na\u0111 Leona &#8211;&nbsp;sprema\u010dica Po\u0161a Monika&nbsp;&#8211;&nbsp;sprema\u010dica \u0160albak Marta&nbsp;&#8211;&nbsp;sprema\u010dica&nbsp;&nbsp;&nbsp;&nbsp;&nbsp;&nbsp;&nbsp;&nbsp;&nbsp;&nbsp;&nbsp;&nbsp;&nbsp;&nbsp;&nbsp; Tot Ibolja&nbsp;&#8211;&nbsp;servirka, sprema\u010dica &nbsp;<\/p>\n","protected":false},"author":1,"featured_media":0,"parent":36,"menu_order":240,"comment_status":"open","ping_status":"closed","template":"","meta":{"ngg_post_thumbnail":0,"footnotes":"","_links_to":"","_links_to_target":""},"class_list":["post-117","page","type-page","status-publish","hentry","nodate","item-wrap"],"_links":{"self":[{"href":"http:\/\/www.aranyjanos.edu.rs\/sr\/wp-json\/wp\/v2\/pages\/117","targetHints":{"allow":["GET"]}}],"collection":[{"href":"http:\/\/www.aranyjanos.edu.rs\/sr\/wp-json\/wp\/v2\/pages"}],"about":[{"href":"http:\/\/www.aranyjanos.edu.rs\/sr\/wp-json\/wp\/v2\/types\/page"}],"author":[{"embeddable":true,"href":"http:\/\/www.aranyjanos.edu.rs\/sr\/wp-json\/wp\/v2\/users\/1"}],"replies":[{"embeddable":true,"href":"http:\/\/www.aranyjanos.edu.rs\/sr\/wp-json\/wp\/v2\/comments?post=117"}],"version-history":[{"count":17,"href":"http:\/\/www.aranyjanos.edu.rs\/sr\/wp-json\/wp\/v2\/pages\/117\/revisions"}],"predecessor-version":[{"id":8111,"href":"http:\/\/www.aranyjanos.edu.rs\/sr\/wp-json\/wp\/v2\/pages\/117\/revisions\/8111"}],"up":[{"embeddable":true,"href":"http:\/\/www.aranyjanos.edu.rs\/sr\/wp-json\/wp\/v2\/pages\/36"}],"wp:attachment":[{"href":"http:\/\/www.aranyjanos.edu.rs\/sr\/wp-json\/wp\/v2\/media?parent=117"}],"curies":[{"name":"wp","href":"https:\/\/api.w.org\/{rel}","templated":true}]}}