{"id":115,"date":"2013-09-25T08:20:50","date_gmt":"2013-09-25T08:20:50","guid":{"rendered":"http:\/\/localhost\/wordpress\/?page_id=115"},"modified":"2024-09-23T07:07:03","modified_gmt":"2024-09-23T07:07:03","slug":"tanarok","status":"publish","type":"page","link":"http:\/\/www.aranyjanos.edu.rs\/sr\/dolgozok\/tanarok\/","title":{"rendered":"Nastavnici"},"content":{"rendered":"\n<h4 class=\"wp-block-heading\">Srpski jezik kao nematernji:<\/h4>\n\n\n\n<p><strong><strong><strong>Babarci Fazeka\u0161 Karolina<\/strong><\/strong><\/strong> ( Orom)<\/p>\n\n\n\n<p><strong><strong>Borza Slada\u010dek Ana<\/strong>&nbsp;<\/strong>(Tre\u0161njevac)<\/p>\n\n\n\n<p><strong>Mesaro\u0161 Agne\u0161<\/strong> (Tre\u0161njevac, Totovo Selo)<\/p>\n\n\n\n<p><\/p>\n\n\n\n<h4 class=\"wp-block-heading\">Ma\u0111arski jezik i knji\u017eevnost:<\/h4>\n\n\n\n<p><strong>\u010ciko\u0161 Anita<\/strong> (Tre\u0161njevac)<\/p>\n\n\n\n<p><strong><strong>Va\u0161 \u0160arolta<\/strong><\/strong> (Orom)<\/p>\n\n\n\n<p><strong>Pletikosi\u0107 Ki\u0161 Virag<\/strong>\u00a0(Totovo Selo)<br><\/p>\n\n\n\n<h4 class=\"wp-block-heading\">Engleski&nbsp;jezik :<\/h4>\n\n\n\n<p><strong><strong>Babarci Fazekas Karolina<\/strong><\/strong>&nbsp;(Orom)<\/p>\n\n\n\n<p><strong>Na\u0111 Abonji Daniel <\/strong>(Totovo Selo, Tre\u0161njevac)<\/p>\n\n\n\n<p><strong>Balint Agota<\/strong>&nbsp;(Totovo Selo)<\/p>\n\n\n\n<p><strong>Gazdag Ema<\/strong> (Orom, Tre\u0161njevac)<br> <\/p>\n\n\n\n<h4 class=\"wp-block-heading\">Nema\u010dki&nbsp;jezik:<\/h4>\n\n\n\n<p><strong> Astalo\u0161 Laura<\/strong> ( Orom)<\/p>\n\n\n\n<p><strong>Balint Agota<\/strong>&nbsp;(Tre\u0161njevac, Totovo Selo)<br> <\/p>\n\n\n\n<h4 class=\"wp-block-heading\">Likovna kultura:<\/h4>\n\n\n\n<p><strong>Kukli \u0160\u010deki\u0107 Tijana<\/strong> (Tre\u0161njevac, Orom i&nbsp;Totovo Selo)<br>\n<\/p>\n\n\n\n<h4 class=\"wp-block-heading\">Muzi\u010dka&nbsp;kultura:<\/h4>\n\n\n\n<p><strong>Pili\u0161i Ibolja<\/strong>\u00a0(Tre\u0161njevac, Totovo Selo)<\/p>\n\n\n\n<p><strong>Va\u0161 \u0160arolta<\/strong> (Orom)<\/p>\n\n\n\n<p><\/p>\n\n\n\n<h4 class=\"wp-block-heading\">Istorija:<\/h4>\n\n\n\n<p><strong>Revid Jene<\/strong>\u00a0(Totovo Selo)<\/p>\n\n\n\n<p><strong>Dukai Sz\u00e9l D\u00f3ra<\/strong>\u00a0(Orom)<\/p>\n\n\n\n<p><strong>Pili\u0161i Ibolja<\/strong>\u00a0(Tre\u0161njevac)<br><\/p>\n\n\n\n<h4 class=\"wp-block-heading\">Geografija:<\/h4>\n\n\n\n<p><strong>Sabo Roland<\/strong>&nbsp;&nbsp;(Tre\u0161njevac, Orom i&nbsp;Totovo Selo)<br>\n<\/p>\n\n\n\n<h4 class=\"wp-block-heading\">Fizika:<\/h4>\n\n\n\n<p><strong><strong>Balint Betina<\/strong><\/strong>&nbsp; (Tre\u0161njevac, Orom i&nbsp;Totovo Selo)<\/p>\n\n\n\n<p> <br> <\/p>\n\n\n\n<h4 class=\"wp-block-heading\">Matematika:<\/h4>\n\n\n\n<p><strong>Juhas Sabol\u010d&nbsp;<\/strong>(Tre\u0161njevac, Totovo Selo)<\/p>\n\n\n\n<p><strong>Po\u0161a Kenjere\u0161 Boglarka<\/strong>&nbsp;(Orom, Totovo Selo)<\/p>\n\n\n\n<p><strong>Pili\u0161i Ibolja<\/strong>&nbsp;(Tre\u0161njevac)<br> <\/p>\n\n\n\n<h4 class=\"wp-block-heading\">Biologija:<\/h4>\n\n\n\n<p><strong>Na\u0111 Nemedi Edina <\/strong>(Tre\u0161njevac, Orom i  Totovo Selo )<\/p>\n\n\n\n<p><strong><strong>Balint Betina<\/strong><\/strong> (Totovo Selo)<br> <\/p>\n\n\n\n<h4 class=\"wp-block-heading\">Hemija:<\/h4>\n\n\n\n<p><strong><strong>Vismeg Tama\u0161<\/strong>&nbsp;<\/strong>(Tre\u0161njevac, Orom i&nbsp;Totovo Selo)<br> <\/p>\n\n\n\n<h4 class=\"wp-block-heading\">Tehnika i tehnologija:<\/h4>\n\n\n\n<p><strong>Dukai Sel Dora<\/strong>&nbsp;(Tre\u0161njevac, Orom)-<strong>Taka\u010d&nbsp;Anastazia<\/strong><\/p>\n\n\n\n<p><strong>Skit\u0161ak Silard<\/strong>&nbsp;(Totovo Selo i  Tre\u0161njevac )- <strong>Taka\u010d&nbsp;Anastazia<\/strong> <br> <\/p>\n\n\n\n<h4 class=\"wp-block-heading\">Fizi\u010dko vaspitanje:<\/h4>\n\n\n\n<p><strong>Rakin Nikola<\/strong> (Totovo Selo, Orom)<\/p>\n\n\n\n<p><strong>Lazarevi\u0107 Miladin<\/strong>&nbsp;(Tre\u0161njevac)<br> <\/p>\n\n\n\n<h4 class=\"wp-block-heading\">Informatika:<\/h4>\n\n\n\n<p><strong>Skit\u0161ak Silard&nbsp;<\/strong>&nbsp;(Tre\u0161njevac, Totovo Selo)<\/p>\n\n\n\n<p>\u00a0<strong>Dukai Sel Dora<\/strong> (Orom)-<strong>Taka\u010d\u00a0Anastazia<\/strong><br><\/p>\n\n\n\n<h4 class=\"wp-block-heading\">Verska nastava:<\/h4>\n\n\n\n<p><strong><strong>Peji\u0107<\/strong> Daniela<\/strong>&nbsp;(Orom, Totovo Selo)<\/p>\n\n\n\n<p><strong>Bi\u010dkei Biro Ildiko<\/strong>(Tre\u0161njevac)<br> <\/p>\n\n\n\n<h4 class=\"wp-block-heading\">Gra\u0111ansko vaspitanje:<\/h4>\n\n\n\n<p><strong><strong>Rafai Boro\u0161 Monika<\/strong><\/strong>&nbsp;(Totovo Selo)<\/p>\n\n\n\n<p><strong>Balint Betina<\/strong>\u00a0(Orom)<\/p>\n","protected":false},"excerpt":{"rendered":"<p>Srpski jezik kao nematernji: Babarci Fazeka\u0161 Karolina ( Orom) Borza Slada\u010dek Ana&nbsp;(Tre\u0161njevac) Mesaro\u0161 Agne\u0161 (Tre\u0161njevac, Totovo Selo) Ma\u0111arski jezik i knji\u017eevnost: \u010ciko\u0161 Anita (Tre\u0161njevac) Va\u0161 \u0160arolta (Orom) Pletikosi\u0107 Ki\u0161 Virag\u00a0(Totovo Selo) Engleski&nbsp;jezik : Babarci Fazekas Karolina&nbsp;(Orom) Na\u0111 Abonji Daniel (Totovo Selo, Tre\u0161njevac) Balint Agota&nbsp;(Totovo Selo) Gazdag Ema (Orom, Tre\u0161njevac) Nema\u010dki&nbsp;jezik: Astalo\u0161 Laura ( Orom) Balint &hellip; <\/p>\n<p><a class=\"more-link btn\" href=\"http:\/\/www.aranyjanos.edu.rs\/sr\/dolgozok\/tanarok\/\">Nastaviti \u010ditanje<\/a><\/p>\n","protected":false},"author":1,"featured_media":0,"parent":36,"menu_order":230,"comment_status":"closed","ping_status":"closed","template":"","meta":{"ngg_post_thumbnail":0,"footnotes":"","_links_to":"","_links_to_target":""},"class_list":["post-115","page","type-page","status-publish","hentry","nodate","item-wrap"],"_links":{"self":[{"href":"http:\/\/www.aranyjanos.edu.rs\/sr\/wp-json\/wp\/v2\/pages\/115","targetHints":{"allow":["GET"]}}],"collection":[{"href":"http:\/\/www.aranyjanos.edu.rs\/sr\/wp-json\/wp\/v2\/pages"}],"about":[{"href":"http:\/\/www.aranyjanos.edu.rs\/sr\/wp-json\/wp\/v2\/types\/page"}],"author":[{"embeddable":true,"href":"http:\/\/www.aranyjanos.edu.rs\/sr\/wp-json\/wp\/v2\/users\/1"}],"replies":[{"embeddable":true,"href":"http:\/\/www.aranyjanos.edu.rs\/sr\/wp-json\/wp\/v2\/comments?post=115"}],"version-history":[{"count":39,"href":"http:\/\/www.aranyjanos.edu.rs\/sr\/wp-json\/wp\/v2\/pages\/115\/revisions"}],"predecessor-version":[{"id":8032,"href":"http:\/\/www.aranyjanos.edu.rs\/sr\/wp-json\/wp\/v2\/pages\/115\/revisions\/8032"}],"up":[{"embeddable":true,"href":"http:\/\/www.aranyjanos.edu.rs\/sr\/wp-json\/wp\/v2\/pages\/36"}],"wp:attachment":[{"href":"http:\/\/www.aranyjanos.edu.rs\/sr\/wp-json\/wp\/v2\/media?parent=115"}],"curies":[{"name":"wp","href":"https:\/\/api.w.org\/{rel}","templated":true}]}}