{"id":1078,"date":"2014-02-18T09:47:55","date_gmt":"2014-02-18T09:47:55","guid":{"rendered":"http:\/\/www.kisferenc.edu.rs\/?page_id=1078"},"modified":"2025-03-19T10:06:37","modified_gmt":"2025-03-19T09:06:37","slug":"kozbeszerzesek","status":"publish","type":"page","link":"http:\/\/www.aranyjanos.edu.rs\/sr\/kozbeszerzesek\/","title":{"rendered":"Javne nabavke"},"content":{"rendered":"\n<p class=\"has-large-font-size\"><strong>2025.<\/strong><\/p>\n\n\n\n<p class=\"has-text-align-left has-regular-font-size\" style=\"font-style:normal;font-weight:700\">                                <strong><a href=\"https:\/\/docs.google.com\/spreadsheets\/d\/1il36YzfPDnngyVMApchNfn1Yq7xCAeRt\/edit?usp=sharing&amp;ouid=104776110573511144790&amp;rtpof=true&amp;sd=true\" target=\"_blank\" rel=\"noreferrer noopener\">Plan javnih nabavki za 2025.godinu<\/a><\/strong><\/p>\n\n\n\n<p class=\"has-regular-font-size\">             <strong><a href=\"https:\/\/drive.google.com\/file\/d\/1gmm0em3o_xgK2xPelpWNnnXApLzMSCjf\/view?usp=sharing\" target=\"_blank\" rel=\"noreferrer noopener\">Slika plana nabavki za 2025. godinu<\/a><\/strong><\/p>\n\n\n\n<h4 class=\"wp-block-heading\" style=\"font-style:normal;font-weight:400;text-transform:uppercase\"><strong>2024.<\/strong><\/h4>\n\n\n\n<h4 class=\"wp-block-heading has-text-align-left\" style=\"font-size:16px;font-style:normal;font-weight:700\"><strong><a href=\"https:\/\/drive.google.com\/file\/d\/1MI29vPqFXX3sxaHJouXPEsyKSc9E_C67\/view?usp=drive_link\"> <\/a><\/strong>             <strong><a href=\"https:\/\/drive.google.com\/file\/d\/16FfQqbVkUH7E09fQrSEvgI5chdNaVw1X\/view?usp=sharing\" target=\"_blank\" rel=\"noreferrer noopener\">&nbsp;&nbsp;&nbsp;&nbsp;&nbsp;&nbsp;    <\/a><a href=\"https:\/\/drive.google.com\/file\/d\/1MI29vPqFXX3sxaHJouXPEsyKSc9E_C67\/view?usp=drive_link\" target=\"_blank\" rel=\"noreferrer noopener\">Plan javnih nabavki za 2024. godinu.<\/a><\/strong><\/h4>\n\n\n<h4><strong>2018.<\/strong><\/h4>\n<p><strong><a href=\"https:\/\/drive.google.com\/file\/d\/16FfQqbVkUH7E09fQrSEvgI5chdNaVw1X\/view?usp=sharing\" target=\"_blank\" rel=\"noopener\">&nbsp;&nbsp;&nbsp;&nbsp;&nbsp;&nbsp;&nbsp;&nbsp;&nbsp; Poziv za podno\u0161enje ponude JNMV &#8211; nabavka energenata &#8211; ugalj i drvo za ogrev 1\/2018.<\/a><\/strong><\/p>\n<p><a href=\"https:\/\/drive.google.com\/file\/d\/1klDL0c_bWJXxpltY9AxAZkQIIYhYS18D\/view?usp=sharing\" target=\"_blank\" rel=\"noopener\"><strong>&nbsp;&nbsp;&nbsp;&nbsp;&nbsp;&nbsp;&nbsp;&nbsp; Konkursna dokumentacija JNMV &#8211; nabavka energenata &#8211; ugalj i drvo za ogrev 1\/2018.<\/strong><\/a><\/p>\n<p><a href=\"https:\/\/drive.google.com\/file\/d\/1yFhsD0aL7PMslaq4ZocRT7mIuQZoDHUf\/view?usp=sharing\" target=\"_blank\" rel=\"noopener\"><strong>&nbsp; &nbsp; &nbsp; &nbsp;&nbsp; Odluka o dodeli ugovora-nabavka energenata 1\/2018.<\/strong><\/a><\/p>\n<p>&nbsp; &nbsp; &nbsp; &nbsp; &nbsp; &nbsp;<a href=\"https:\/\/drive.google.com\/file\/d\/11l67qyNEMeRrfrLj7NvF1hg5VtQ5dTxO\/view?usp=sharing\"><strong>Obave\u0161tenje o zaklju\u010denom ugovoru-nabavka energenata 1\/2018.<\/strong><\/a><\/p>\n<h4>2017.<\/h4>\n<p><strong><a href=\"http:\/\/www.aranyjanos.edu.rs\/wp-content\/uploads\/2017\/10\/Konkursna-dokumentacija.pdf\" target=\"_blank\" rel=\"noopener noreferrer\">&nbsp;&nbsp;&nbsp;&nbsp;&nbsp;&nbsp;&nbsp;&nbsp;&nbsp; Konkursna dokumentacija JNMV &#8211; &nbsp;Izvo\u0111enje hitnih radova na sanaciji objekta \u0161kole 2\/2017<\/a><\/strong><\/p>\n<p><strong><a href=\"http:\/\/www.aranyjanos.edu.rs\/wp-content\/uploads\/2017\/10\/Obavestenje.pdf\" target=\"_blank\" rel=\"noopener noreferrer\">&nbsp;&nbsp;&nbsp;&nbsp;&nbsp;&nbsp;&nbsp;&nbsp; Obave\u0161tenje o pokretanju pregovara\u010dkog postupka bez objavljivanja poziva za podno\u0161enje ponuda &#8211; &nbsp;Izvo\u0111enje&nbsp;&nbsp;&nbsp; hitnih radova na sanaciji objekta \u0161kole 2\/2017<\/a><\/strong><\/p>\n<p style=\"padding-left: 30px;\"><strong><a href=\"http:\/\/www.aranyjanos.edu.rs\/wp-content\/uploads\/2017\/10\/Odluka-o-dodeli-ugovora-JN-radova-2-2017.pdf\" target=\"_blank\" rel=\"noopener\">Odluka o dodeli ugovora&nbsp; &#8211; &nbsp;Izvo\u0111enje hitnih radova na sanaciji objekta \u0161kole 2\/2017<\/a><\/strong><\/p>\n<p style=\"padding-left: 30px;\"><strong><a href=\"http:\/\/www.aranyjanos.edu.rs\/wp-content\/uploads\/2017\/10\/Obavest_o_-zaklj_ugov_-BaumontBackaTopola.pdf\" target=\"_blank\" rel=\"noopener\">Obave\u0161tenje o zaklju\u010denom ugovoru &#8211;&nbsp;&nbsp;Izvo\u0111enje hitnih radova na sanaciji objekta \u0161kole 2\/2017<\/a><\/strong><\/p>\n<p>&nbsp;<\/p>\n<p><span style=\"color: #0000ff;\"><a style=\"color: #0000ff;\" href=\"http:\/\/www.aranyjanos.edu.rs\/wp-content\/uploads\/2017\/09\/Poziv-za-dostavljanje-ponuda-2017.pdf\" target=\"_blank\" rel=\"noopener noreferrer\"><strong>Poziv na dostavljanje ponuda JNMV &#8211; nabavka energenata &#8211; Ugalj i drvo za ogrev 1\/2017<\/strong><\/a><\/span><\/p>\n<p><span style=\"color: #0000ff;\"><a style=\"color: #0000ff;\" href=\"http:\/\/www.aranyjanos.edu.rs\/wp-content\/uploads\/2017\/09\/KD-JNMV-grejanje.2017-2018.pdf\" target=\"_blank\" rel=\"noopener noreferrer\"><strong>Konkursna dokumentacija JNMV &#8211; nabavka energenata &#8211; Ugalj i drvo za ogrev 1\/2017<\/strong><\/a><\/span><\/p>\n<p style=\"padding-left: 30px;\"><span style=\"color: #0000ff;\"><a style=\"color: #0000ff;\" href=\"http:\/\/www.aranyjanos.edu.rs\/wp-content\/uploads\/2017\/10\/Odluka.pdf\" target=\"_blank\" rel=\"noopener noreferrer\"><strong>Odluka o JNMV &#8211; nabavka energenata &#8211; Ugalj i drvo za ogrev 1\/2017<\/strong><\/a><\/span><\/p>\n<p style=\"padding-left: 30px;\"><strong><a href=\"http:\/\/www.aranyjanos.edu.rs\/wp-content\/uploads\/2017\/10\/Obavestenje-o-zaklj.-ugovoru-JN-energenata.pdf\" target=\"_blank\" rel=\"noopener\">Obave\u0161tenje o zaklju\u010denom ugovoru&nbsp;o JNMV &#8211; nabavka energenata &#8211; Ugalj i drvo za ogrev 1\/2017<\/a><\/strong><\/p>\n<p>2016.<\/p>\n<p><a href=\"http:\/\/www.aranyjanos.edu.rs\/wp-content\/uploads\/2016\/10\/Poziv-za-podnosenje-ponuda-2-faza.doc-okt.pdf\" target=\"_blank\" rel=\"noopener noreferrer\"><span style=\"color: #0000ff;\"><strong style=\"color: #0000ff;\">Poziv na dostavljanje ponuda JNMV &#8211; Zamena stolarije druga faza 2016\/2<\/strong><\/span><\/a><\/p>\n<p><a href=\"http:\/\/www.aranyjanos.edu.rs\/wp-content\/uploads\/2016\/10\/KonkursnaDokumentacija-2-2016.pdf\" target=\"_blank\" rel=\"noopener noreferrer\"><span style=\"color: #0000ff;\"><strong>Konkursna dokumentacija JNMV &#8211; Zamena stolarije druga faza 2016\/2<\/strong><\/span><\/a><\/p>\n<p style=\"padding-left: 30px;\"><strong><span style=\"color: #0000ff;\"><a style=\"color: #0000ff;\" href=\"http:\/\/www.aranyjanos.edu.rs\/wp-content\/uploads\/2016\/10\/Pitanje-i-odgovor-br-1..pdf\" target=\"_blank\" rel=\"noopener noreferrer\">Pitanje i odgovor br. 1<\/a><\/span><\/strong><\/p>\n<p style=\"padding-left: 30px;\"><strong><span style=\"color: #0000ff;\"><a style=\"color: #0000ff;\" href=\"http:\/\/www.aranyjanos.edu.rs\/wp-content\/uploads\/2016\/11\/odluka-o-dodeli-ugovora-2-2016-JN-radova-zamena-stolarije-2-faza.pdf\" target=\"_blank\" rel=\"noopener noreferrer\">Odluka o dodeli ugovora JNMV &#8211; zamena stolarije druga faza 2016\/2<\/a><\/span><\/strong><\/p>\n<p style=\"padding-left: 30px;\"><span style=\"color: #0000ff;\"><strong><a style=\"color: #0000ff;\" href=\"http:\/\/www.aranyjanos.edu.rs\/wp-content\/uploads\/2016\/11\/Obavestenje-o-zakljucenom-ugovoru.pdf\" target=\"_blank\" rel=\"noopener noreferrer\">Obave\u0161tenje o zaklju\u010denom ugovoru JNMV &#8211; zamena stolarije druga faza 2016\/2<\/a><\/strong><\/span><\/p>\n<p>&nbsp;<\/p>\n<p><a href=\"http:\/\/www.aranyjanos.edu.rs\/wp-content\/uploads\/2016\/09\/poziv-za-podno\u0161enje-ponuda-2-faza.pdf\" target=\"_blank\" rel=\"noopener noreferrer\"><span style=\"color: #0000ff;\"><strong style=\"color: #0000ff;\">Poziv na dostavljanje ponuda JNMV &#8211; Zamena stolarije druga faza 2016\/2<\/strong><\/span><\/a><\/p>\n<p><a href=\"http:\/\/www.aranyjanos.edu.rs\/wp-content\/uploads\/2016\/09\/Konkursna-dokumentacija-JN-2-2016-radovi-zamena-stolarije.pdf\" target=\"_blank\" rel=\"noopener noreferrer\"><span style=\"color: #0000ff;\"><strong>Konkursna dokumentacija JNMV &#8211; Zamena stolarije druga faza 2016\/2<\/strong><\/span><\/a><\/p>\n<p style=\"padding-left: 30px;\"><strong><a style=\"color: #0000ff;\" href=\"http:\/\/www.aranyjanos.edu.rs\/wp-content\/uploads\/2016\/10\/Odluka-o-obustavi-postupka-2-2016.pdf\" target=\"_blank\" rel=\"noopener noreferrer\">Odluka o obustavi postupka JNMV &#8211; Zamena stolarije druga faza 2016\/2<\/a><\/strong><\/p>\n<p style=\"padding-left: 30px;\"><strong><span style=\"color: #0000ff;\"><a style=\"color: #0000ff;\" href=\"http:\/\/www.aranyjanos.edu.rs\/wp-content\/uploads\/2016\/10\/Obave\u0161tenje-o-obustavi-postupka-JN-2-2016.pdf\" target=\"_blank\" rel=\"noopener noreferrer\">Obave\u0161tenje o obustavi postupka JNMV &#8211; Zamena stolarije druga faza 2016\/2<\/a><\/span><\/strong><\/p>\n<p>&nbsp;<\/p>\n<p><a href=\"http:\/\/www.aranyjanos.edu.rs\/wp-content\/uploads\/2016\/09\/Poziv-za-dostavljanje-ponuda-2016.pdf\" target=\"_blank\" rel=\"noopener noreferrer\"><span style=\"color: #0000ff;\"><strong style=\"color: #0000ff;\">Poziv na dostavljanje ponuda JNMV &#8211; energenata&nbsp;2016\/3<\/strong><\/span><\/a><\/p>\n<p><a href=\"http:\/\/www.aranyjanos.edu.rs\/wp-content\/uploads\/2016\/09\/Konkursna-dokumentacija-JNMV-energenata-3-2016.pdf\" target=\"_blank\" rel=\"noopener noreferrer\"><span style=\"color: #0000ff;\"><strong>Konkursna dokumentacija JNMV &#8211; energenata&nbsp;2016\/3<\/strong><\/span><\/a><\/p>\n<p style=\"padding-left: 30px;\"><strong><a style=\"color: #0000ff;\" href=\"http:\/\/www.aranyjanos.edu.rs\/wp-content\/uploads\/2016\/10\/Odluka-o-dodeli-ugovora-JN-3-2016.pdf\" target=\"_blank\" rel=\"noopener noreferrer\">Odluka o dodeli ugovora JNMV &#8211; energenata 2016\/3<\/a><\/strong><\/p>\n<p style=\"padding-left: 60px;\"><span style=\"color: #0000ff;\"><strong><a style=\"color: #0000ff;\" href=\"http:\/\/www.aranyjanos.edu.rs\/wp-content\/uploads\/2016\/10\/ObavestenjeOZakljucenomUgovoru-P1-ugalj.pdf\" target=\"_blank\" rel=\"noopener noreferrer\">Obave\u0161tenje o zaklju\u010denom ugovoru &#8211; P1 &#8211; ugalj&nbsp;2016\/3<\/a><\/strong><\/span><\/p>\n<p style=\"padding-left: 60px;\"><span style=\"color: #0000ff;\"><strong><a style=\"color: #0000ff;\" href=\"http:\/\/www.aranyjanos.edu.rs\/wp-content\/uploads\/2016\/10\/ObavestenjeOZakljucenomUgovoru-P2-drvo-za-ogrev.pdf\" target=\"_blank\" rel=\"noopener noreferrer\">Obave\u0161tenje o zaklju\u010denom ugovoru &#8211; P2 &#8211; drvo za ogrev 2016\/3<\/a><\/strong><\/span><\/p>\n<p>&nbsp;<\/p>\n<p><a href=\"http:\/\/www.aranyjanos.edu.rs\/wp-content\/uploads\/2016\/08\/Poziv-JNMV-2016-2.pdf\" target=\"_blank\" rel=\"noopener noreferrer\"><span style=\"color: #0000ff;\"><strong>Poziv na dostavljanje ponuda JNMV &#8211; Zamena stolarije druga faza 2016\/2<\/strong><\/span><\/a><\/p>\n<p><a href=\"http:\/\/www.aranyjanos.edu.rs\/wp-content\/uploads\/2016\/08\/Konkursna-dokumentacia-JNMV-2016-2.pdf\" target=\"_blank\" rel=\"noopener noreferrer\"><span style=\"color: #0000ff;\"><strong>Konkursna dokumentacija JNMV &#8211; Zamena stolarije druga faza 2016\/2<\/strong><\/span><\/a><\/p>\n<p style=\"padding-left: 30px;\"><strong><span style=\"color: #0000ff;\"><a style=\"color: #0000ff;\" href=\"http:\/\/www.aranyjanos.edu.rs\/wp-content\/uploads\/2016\/09\/scan-001.jpg\" target=\"_blank\" rel=\"noopener noreferrer\">Odluka o obustavi postupka JNMV &#8211; Zamena stolarije druga faza 2016\/2<\/a><\/span><\/strong><\/p>\n<p><strong><span style=\"color: #0000ff;\">&nbsp;<\/span><\/strong><\/p>\n<p><span style=\"color: #0000ff;\"><a style=\"color: #0000ff;\" href=\"http:\/\/www.aranyjanos.edu.rs\/sr\/wp-content\/uploads\/2016\/07\/Poziv.pdf\" target=\"_blank\" rel=\"noopener noreferrer\"><strong>Poziv na dostavljanje ponuda JNMV &#8211; Zamena stolarije 2016\/1<\/strong><\/a><\/span><\/p>\n<p><a href=\"http:\/\/www.aranyjanos.edu.rs\/sr\/wp-content\/uploads\/2016\/07\/Konkursna-dokumentacija.pdf\" target=\"_blank\" rel=\"noopener noreferrer\"><span style=\"color: #0000ff;\"><strong>Konkursna dokumentacija JNMV &#8211; Zamena stolarije 2016\/1<\/strong><\/span><\/a><\/p>\n<p style=\"padding-left: 30px;\"><span style=\"color: #0000ff;\"><a style=\"color: #0000ff;\" href=\"http:\/\/www.aranyjanos.edu.rs\/wp-content\/uploads\/2016\/07\/Odluka-2016-1.pdf\" target=\"_blank\" rel=\"noopener noreferrer\"><strong>Odluka o dodeli ugovora &#8211; &nbsp;zamena&nbsp;stolarije&nbsp;2016\/1<\/strong><\/a><\/span><\/p>\n<p>2015.<\/p>\n<p><strong><a style=\"color: #0000ff;\" href=\"http:\/\/www.aranyjanos.edu.rs\/wp-content\/uploads\/2015\/01\/Poziv-za-dostavljanje-ponuda-osiguranje-2015.pdf\" target=\"_blank\" rel=\"noopener noreferrer\">Poziv na dostavljanje ponuda JNMV &#8211; Osiguranje zaposlenih 2015\/1<\/a>&nbsp;<\/strong><\/p>\n<p><span style=\"color: #0000ff;\"><strong><a style=\"color: #0000ff;\" href=\"http:\/\/www.aranyjanos.edu.rs\/wp-content\/uploads\/2015\/01\/Nova-konkursna-dokumentacija.pdf\" target=\"_blank\" rel=\"noopener noreferrer\">Konkursna dokumentacija JNMV &#8211;&nbsp;Osiguranje zaposlenih 2015\/1<\/a><\/strong><\/span><\/p>\n<p style=\"padding-left: 30px;\"><span style=\"color: #0000ff;\"><strong><a style=\"color: #0000ff;\" href=\"http:\/\/www.aranyjanos.edu.rs\/wp-content\/uploads\/2015\/02\/Obavestenje-o-JN-usluga-osiguranja.pdf\" target=\"_blank\" rel=\"noopener noreferrer\">Obave\u0161tenje o obustavi postupka&nbsp;&#8211;&nbsp;Osiguranje zaposlenih 2015\/1<\/a><\/strong><\/span><\/p>\n<p>&nbsp;<\/p>\n<p><span style=\"color: #0000ff;\"><strong><a style=\"color: #0000ff;\" href=\"http:\/\/www.aranyjanos.edu.rs\/wp-content\/uploads\/2015\/02\/Poziv-6.pdf\" target=\"_blank\" rel=\"noopener noreferrer\">Poziv na dostavljanje ponuda JNMV &#8211; Osiguranje zaposlenih 2015\/2<\/a><\/strong><\/span><\/p>\n<p><span style=\"color: #0000ff;\"><strong><a style=\"color: #0000ff;\" href=\"http:\/\/www.aranyjanos.edu.rs\/wp-content\/uploads\/2015\/02\/Konkursna-dokumentacija-6.pdf\" target=\"_blank\" rel=\"noopener noreferrer\">Konkursna dokumentacija JNMV &#8211;&nbsp;Osiguranje zaposlenih 2015\/2<\/a><\/strong><\/span><\/p>\n<p style=\"padding-left: 30px;\"><span style=\"color: #0000ff;\"><strong><a style=\"color: #0000ff;\" href=\"http:\/\/www.aranyjanos.edu.rs\/wp-content\/uploads\/2015\/03\/Obavestenje-o-dodeli-ugovora.pdf\" target=\"_blank\" rel=\"noopener noreferrer\">Obave\u0161tenje o dodeli ugovora &#8211; Osiguranje zaposlenih 2015\/2<\/a><\/strong><\/span><\/p>\n<p>&nbsp;<\/p>\n<p><strong><span style=\"color: #0000ff;\"><a style=\"color: #0000ff;\" href=\"http:\/\/www.aranyjanos.edu.rs\/wp-content\/uploads\/2015\/09\/Poziv-za-dostavljanje-ponuda-2015.pdf\" target=\"_blank\" rel=\"noopener noreferrer\">Poziv na dostavljanje ponuda JNMV &#8211; Energenata 2\/2015<\/a><\/span><\/strong><\/p>\n<p><strong><span style=\"color: #0000ff;\"><a style=\"color: #0000ff;\" href=\"http:\/\/www.aranyjanos.edu.rs\/wp-content\/uploads\/2015\/09\/Konkursna-dokumentacija-JNMV-grejanje-2015.pdf\" target=\"_blank\" rel=\"noopener noreferrer\">Konkursna dokumentacija JNMV &#8211; Energenata 2\/2015<\/a><\/span><\/strong><\/p>\n<p style=\"padding-left: 30px;\"><strong><a style=\"color: #0000ff;\" href=\"http:\/\/www.aranyjanos.edu.rs\/wp-content\/uploads\/2015\/10\/Odluka-o-dodeli-ugovora-2-2015.pdf\" target=\"_blank\" rel=\"noopener noreferrer\">Odluka o dodeli ugovora &#8211; &nbsp;Energenata 2\/2015<\/a><\/strong><\/p>\n<p style=\"padding-left: 30px;\"><span style=\"color: #0000ff;\"><strong><a style=\"color: #0000ff;\" href=\"http:\/\/www.aranyjanos.edu.rs\/wp-content\/uploads\/2015\/10\/ObavestenjeOZakljucenomUgovoru.pdf\" target=\"_blank\" rel=\"noopener noreferrer\">Obave\u0161tenje o zaklju\u010denom ugovoru &#8211; Drvo za ogrev 2\/2015<\/a><\/strong><\/span><\/p>\n<p>&nbsp;<\/p>\n<p><a href=\"http:\/\/www.aranyjanos.edu.rs\/wp-content\/uploads\/2015\/10\/poziv-butor-2015.pdf\" target=\"_blank\" rel=\"noopener noreferrer\"><strong><span style=\"color: #0000ff;\">Poziv na dostavljanje ponuda JNMV &#8211; Name\u0161taj&nbsp;3\/2015<\/span><\/strong><\/a><\/p>\n<p><a href=\"http:\/\/www.aranyjanos.edu.rs\/wp-content\/uploads\/2015\/10\/butorzat-az-irodakba.pdf\" target=\"_blank\" rel=\"noopener noreferrer\"><strong><span style=\"color: #0000ff;\">Konkursna dokumentacija JNMV &#8211; Name\u0161taj 3\/2015<\/span><\/strong><\/a><\/p>\n<p style=\"padding-left: 30px;\"><span style=\"color: #0000ff;\"><strong><a style=\"color: #0000ff;\" href=\"http:\/\/www.aranyjanos.edu.rs\/wp-content\/uploads\/2015\/10\/Izmena-specifikacije.pdf\" target=\"_blank\" rel=\"noopener noreferrer\">Izmena specifikacije 3\/2015<\/a><\/strong><\/span><\/p>\n<p style=\"padding-left: 30px;\"><span style=\"color: #0000ff;\"><strong><a style=\"color: #0000ff;\" href=\"http:\/\/www.aranyjanos.edu.rs\/wp-content\/uploads\/2015\/10\/ObavestenjeOProduzenjuRokaZaPodnosenjePonuda-Prijava.pdf\" target=\"_blank\" rel=\"noopener noreferrer\">Obave\u0161tenje o produ\u017eenju roka za podno\u0161enje ponuda-prijava 3\/2015<\/a><\/strong><\/span><\/p>\n<p style=\"padding-left: 60px;\"><span style=\"color: #0000ff;\"><strong><a style=\"color: #0000ff;\" href=\"http:\/\/www.aranyjanos.edu.rs\/wp-content\/uploads\/2015\/10\/Izmene-i-dopune-konkursne-dokumentacije.pdf\" target=\"_blank\" rel=\"noopener noreferrer\">Izmena i dopuna konkursne dokumentacije 3\/2015<\/a><\/strong><\/span><\/p>\n<p style=\"padding-left: 60px;\"><span style=\"color: #0000ff;\"><strong><a style=\"color: #0000ff;\" href=\"http:\/\/www.aranyjanos.edu.rs\/wp-content\/uploads\/2015\/10\/ObavestenjeOProduzenjuRokaZaPodnosenjePonuda-Prijava-19.10.pdf\" target=\"_blank\" rel=\"noopener noreferrer\">Obave\u0161tenje o produ\u017eenju roka za podno\u0161enje prijave 3\/2015<\/a><\/strong><\/span><\/p>\n<p style=\"padding-left: 30px;\"><strong><span style=\"color: #0000ff;\"><a style=\"color: #0000ff;\" href=\"http:\/\/www.aranyjanos.edu.rs\/wp-content\/uploads\/2015\/11\/Odluka-o-dodeli-ugovora-3-2015.pdf\" target=\"_blank\" rel=\"noopener noreferrer\">Odluka o dodeli ugovora 3\/2015<\/a><\/span><\/strong><\/p>\n<p>&nbsp;<\/p>\n<p><a href=\"http:\/\/www.aranyjanos.edu.rs\/wp-content\/uploads\/2015\/10\/poziv-pavilon-4-20151.pdf\" target=\"_blank\" rel=\"noopener noreferrer\"><strong><span style=\"color: #0000ff;\">Poziv na dostavljanje ponuda JNMV &#8211; &#8222;Eko-paviljon&#8220; &#8211; letnja u\u010dionica 4\/2015<\/span><\/strong><\/a><\/p>\n<p><a href=\"http:\/\/www.aranyjanos.edu.rs\/wp-content\/uploads\/2015\/10\/Paviljon-konkursna-dokumentacija.pdf\" target=\"_blank\" rel=\"noopener noreferrer\"><strong><span style=\"color: #0000ff;\">Konkursna dokumentacija JNMV &#8211; &#8222;Eko-paviljon&#8220; &#8211; letnja u\u010dionica&nbsp;4\/2015<\/span><\/strong><\/a><\/p>\n<p style=\"padding-left: 30px;\"><strong><a style=\"color: #0000ff;\" href=\"http:\/\/www.aranyjanos.edu.rs\/wp-content\/uploads\/2015\/11\/Odluka-o-dodeli-ugovora-4-2015.pdf\" target=\"_blank\" rel=\"noopener noreferrer\">Odluka o dodeli ugovora 4\/2015<\/a><\/strong><\/p>\n<p>&nbsp;<\/p>\n<p><span style=\"color: #0000ff;\"><strong><a style=\"color: #0000ff;\" href=\"http:\/\/www.aranyjanos.edu.rs\/wp-content\/uploads\/2015\/12\/Poziv-Osiguranje-5-2015.pdf\" target=\"_blank\" rel=\"noopener noreferrer\">Poziv na dostavljanje ponuda JNMV &#8211; Osiguranje zaposlenih 5\/2015<\/a><\/strong><\/span><\/p>\n<p><span style=\"color: #0000ff;\"><strong><a style=\"color: #0000ff;\" href=\"http:\/\/www.aranyjanos.edu.rs\/wp-content\/uploads\/2015\/12\/Konkursna-dokumentacija-Osiguranje-5-2015.pdf\" target=\"_blank\" rel=\"noopener noreferrer\">Konkursna dokumentacija JNMV &#8211;&nbsp;Osiguranje zaposlenih 5\/2015<\/a><\/strong><\/span><\/p>\n<p style=\"padding-left: 30px;\"><span style=\"color: #0000ff;\"><strong><a style=\"color: #0000ff;\" href=\"http:\/\/www.aranyjanos.edu.rs\/wp-content\/uploads\/2015\/12\/Izmena-specifikacije-5-2015.pdf\" target=\"_blank\" rel=\"noopener noreferrer\">Izmena specifikacija JNMV &#8211; Osiguranje zaposlenih 5\/2015<\/a><\/strong><\/span><\/p>\n<p style=\"padding-left: 60px;\"><span style=\"color: #0000ff;\"><strong><a style=\"color: #0000ff;\" href=\"http:\/\/www.aranyjanos.edu.rs\/wp-content\/uploads\/2015\/12\/5-2015-pitanje-ponudjaca-odgovor.pdf\" target=\"_blank\" rel=\"noopener noreferrer\">Pitanje ponu\u0111a\u010da &#8211; odgovor 5\/2015<\/a><\/strong><\/span><\/p>\n<p style=\"padding-left: 60px;\"><span style=\"color: #0000ff;\"><strong><a style=\"color: #0000ff;\" href=\"http:\/\/www.aranyjanos.edu.rs\/wp-content\/uploads\/2015\/12\/Izmene-i-dopune-konkursne-dokumentacije.pdf\" target=\"_blank\" rel=\"noopener noreferrer\">Izmena i dopuna specifikacije 5\/2015<\/a><\/strong><\/span><\/p>\n<p style=\"padding-left: 60px;\"><span style=\"color: #0000ff;\"><strong><a style=\"color: #0000ff;\" href=\"http:\/\/www.aranyjanos.edu.rs\/wp-content\/uploads\/2015\/12\/ObavestenjeOProduzenjuRokaZaPodnosenjePonuda-Prijava.pdf\" target=\"_blank\" rel=\"noopener noreferrer\">Obave\u0161tenje o produ\u017eenju roka 5\/2015&nbsp;<\/a><\/strong><\/span><\/p>\n<p style=\"padding-left: 90px;\"><span style=\"color: #0000ff;\"><strong><a style=\"color: #0000ff;\" href=\"http:\/\/www.aranyjanos.edu.rs\/wp-content\/uploads\/2015\/12\/Pitanje-2.pdf\" target=\"_blank\" rel=\"noopener noreferrer\">Pitanje ponu\u0111a\u010da &#8211; odgovor 5\/2015<\/a><\/strong><\/span><\/p>\n<p style=\"padding-left: 120px;\"><a style=\"color: #0000ff;\" href=\"http:\/\/www.aranyjanos.edu.rs\/wp-content\/uploads\/2015\/12\/Pitanje-br.-3-i-odgovor.pdf\" target=\"_blank\" rel=\"noopener noreferrer\"><strong>Pitanje ponu\u0111a\u010da &#8211; odgovor 5\/2015<\/strong><\/a><\/p>\n<p style=\"padding-left: 30px;\"><strong><a style=\"color: #0000ff;\" href=\"http:\/\/www.aranyjanos.edu.rs\/wp-content\/uploads\/2015\/12\/Odluka-o-dodeli-ugovora-partija-1-5-2015.pdf\" target=\"_blank\" rel=\"noopener noreferrer\">Odluka o dodeli ugovora JNMV &#8211; Partija 1 5\/2015<\/a><\/strong><\/p>\n<p style=\"padding-left: 30px;\"><strong><a style=\"color: #0000ff;\" href=\"http:\/\/www.aranyjanos.edu.rs\/wp-content\/uploads\/2015\/12\/Odluka-o-dodeli-ugovora-partija-2-5-2015.pdf\" target=\"_blank\" rel=\"noopener noreferrer\">Odluka o dodeli ugovora JNMV &#8211; Partija 2&nbsp;5\/2015<\/a><\/strong><\/p>","protected":false},"excerpt":{"rendered":"<p>2025. Plan javnih nabavki za 2025.godinu Slika plana nabavki za 2025. godinu 2024. &nbsp;&nbsp;&nbsp;&nbsp;&nbsp;&nbsp; Plan javnih nabavki za 2024. godinu. 2018. &nbsp;&nbsp;&nbsp;&nbsp;&nbsp;&nbsp;&nbsp;&nbsp;&nbsp; Poziv za podno\u0161enje ponude JNMV &#8211; nabavka energenata &#8211; ugalj i drvo za ogrev 1\/2018. &nbsp;&nbsp;&nbsp;&nbsp;&nbsp;&nbsp;&nbsp;&nbsp; Konkursna dokumentacija JNMV &#8211; nabavka energenata &#8211; ugalj i drvo za ogrev 1\/2018. &nbsp; &nbsp; &nbsp; &nbsp;&nbsp; &hellip; <\/p>\n<p><a class=\"more-link btn\" href=\"http:\/\/www.aranyjanos.edu.rs\/sr\/kozbeszerzesek\/\">Nastaviti \u010ditanje<\/a><\/p>\n","protected":false},"author":1,"featured_media":0,"parent":0,"menu_order":750,"comment_status":"open","ping_status":"closed","template":"","meta":{"ngg_post_thumbnail":0,"footnotes":"","_links_to":"","_links_to_target":""},"class_list":["post-1078","page","type-page","status-publish","hentry","nodate","item-wrap"],"_links":{"self":[{"href":"http:\/\/www.aranyjanos.edu.rs\/sr\/wp-json\/wp\/v2\/pages\/1078","targetHints":{"allow":["GET"]}}],"collection":[{"href":"http:\/\/www.aranyjanos.edu.rs\/sr\/wp-json\/wp\/v2\/pages"}],"about":[{"href":"http:\/\/www.aranyjanos.edu.rs\/sr\/wp-json\/wp\/v2\/types\/page"}],"author":[{"embeddable":true,"href":"http:\/\/www.aranyjanos.edu.rs\/sr\/wp-json\/wp\/v2\/users\/1"}],"replies":[{"embeddable":true,"href":"http:\/\/www.aranyjanos.edu.rs\/sr\/wp-json\/wp\/v2\/comments?post=1078"}],"version-history":[{"count":79,"href":"http:\/\/www.aranyjanos.edu.rs\/sr\/wp-json\/wp\/v2\/pages\/1078\/revisions"}],"predecessor-version":[{"id":8103,"href":"http:\/\/www.aranyjanos.edu.rs\/sr\/wp-json\/wp\/v2\/pages\/1078\/revisions\/8103"}],"wp:attachment":[{"href":"http:\/\/www.aranyjanos.edu.rs\/sr\/wp-json\/wp\/v2\/media?parent=1078"}],"curies":[{"name":"wp","href":"https:\/\/api.w.org\/{rel}","templated":true}]}}